{"id":40950,"date":"2022-11-16T14:03:23","date_gmt":"2022-11-16T14:03:23","guid":{"rendered":"https:\/\/pitchmark.com\/penalty-circle-marker\/"},"modified":"2023-06-22T09:15:56","modified_gmt":"2023-06-22T08:15:56","slug":"penalty-circle-marker","status":"publish","type":"page","link":"https:\/\/pitchmark.com\/de\/produkte\/zubehoer\/feldzubehoer\/penalty-circle-marker\/","title":{"rendered":"Penalty Circle Marker"},"content":{"rendered":"\t\t<div data-elementor-type=\"wp-page\" data-elementor-id=\"40950\" class=\"elementor elementor-40950 elementor-28457\" data-elementor-settings=\"{&quot;ha_cmc_init_switcher&quot;:&quot;no&quot;}\" data-elementor-post-type=\"page\">\n\t\t\t\t\t\t<section class=\"elementor-section elementor-top-section elementor-element elementor-element-75602a4b elementor-section-content-middle elementor-section-boxed elementor-section-height-default elementor-section-height-default\" data-id=\"75602a4b\" data-element_type=\"section\" data-e-type=\"section\" id=\"top\" data-settings=\"{&quot;background_background&quot;:&quot;classic&quot;,&quot;_ha_eqh_enable&quot;:false}\">\n\t\t\t\t\t\t<div class=\"elementor-container elementor-column-gap-no\">\n\t\t\t\t\t<div class=\"elementor-column elementor-col-50 elementor-top-column elementor-element elementor-element-1aeb8fb7\" data-id=\"1aeb8fb7\" data-element_type=\"column\" data-e-type=\"column\">\n\t\t\t<div class=\"elementor-widget-wrap elementor-element-populated\">\n\t\t\t\t\t\t<div class=\"elementor-element elementor-element-1799c545 elementor-skin-carousel elementor-arrows-yes elementor-pagination-type-bullets elementor-pagination-position-outside elementor-widget elementor-widget-media-carousel\" data-id=\"1799c545\" data-element_type=\"widget\" data-e-type=\"widget\" data-settings=\"{&quot;effect&quot;:&quot;fade&quot;,&quot;autoplay_speed&quot;:15000,&quot;skin&quot;:&quot;carousel&quot;,&quot;show_arrows&quot;:&quot;yes&quot;,&quot;pagination&quot;:&quot;bullets&quot;,&quot;speed&quot;:500,&quot;autoplay&quot;:&quot;yes&quot;,&quot;loop&quot;:&quot;yes&quot;,&quot;pause_on_hover&quot;:&quot;yes&quot;,&quot;pause_on_interaction&quot;:&quot;yes&quot;,&quot;space_between&quot;:{&quot;unit&quot;:&quot;px&quot;,&quot;size&quot;:10,&quot;sizes&quot;:[]},&quot;space_between_tablet&quot;:{&quot;unit&quot;:&quot;px&quot;,&quot;size&quot;:10,&quot;sizes&quot;:[]},&quot;space_between_mobile&quot;:{&quot;unit&quot;:&quot;px&quot;,&quot;size&quot;:10,&quot;sizes&quot;:[]}}\" data-widget_type=\"media-carousel.default\">\n\t\t\t\t<div class=\"elementor-widget-container\">\n\t\t\t\t\t\t\t\t\t<div class=\"elementor-swiper\">\n\t\t\t\t\t<div class=\"elementor-main-swiper swiper\" role=\"region\" aria-roledescription=\"carousel\" aria-label=\"Slider\">\n\t\t\t\t<div class=\"swiper-wrapper\">\n\t\t\t\t\t\t\t\t\t\t\t<div class=\"swiper-slide\" role=\"group\" aria-roledescription=\"slide\">\n\t\t\t\t\t\t\t\t\t<div class=\"elementor-carousel-image\" role=\"img\" aria-label=\"Gummi-Elfmeter-Marker-f\u00fcr-Fu\u00dfballpl\u00e4tze\" style=\"background-image: url(&#039;https:\/\/i0.wp.com\/pitchmark.com\/wp-content\/uploads\/2022\/08\/rubber-penalty-spot-marker-for-football-pitches.jpg?fit=640%2C640&amp;ssl=1&#039;)\">\n\n\t\t\t\n\t\t\t\t\t<\/div>\n\t\t\t\t\t\t\t\t<\/div>\n\t\t\t\t\t\t\t\t\t<\/div>\n\t\t\t\t\t\t\t<\/div>\n\t\t\t\t<\/div>\n\t\t\t\t\t\t\t\t<\/div>\n\t\t\t\t<\/div>\n\t\t\t\t\t<\/div>\n\t\t<\/div>\n\t\t\t\t<div class=\"elementor-column elementor-col-50 elementor-top-column elementor-element elementor-element-67005861\" data-id=\"67005861\" data-element_type=\"column\" data-e-type=\"column\">\n\t\t\t<div class=\"elementor-widget-wrap elementor-element-populated\">\n\t\t\t\t\t\t<div class=\"elementor-element elementor-element-91309be elementor-align-left elementor-mobile-align-center elementor-hidden-mobile elementor-widget elementor-widget-global elementor-global-43850 elementor-global-37296 elementor-widget-breadcrumbs\" data-id=\"91309be\" data-element_type=\"widget\" data-e-type=\"widget\" data-widget_type=\"breadcrumbs.default\">\n\t\t\t\t<div class=\"elementor-widget-container\">\n\t\t\t\t\t<p id=\"breadcrumbs\"><\/p>\t\t\t\t<\/div>\n\t\t\t\t<\/div>\n\t\t\t\t<div class=\"elementor-element elementor-element-14d17cae elementor-widget elementor-widget-heading\" data-id=\"14d17cae\" data-element_type=\"widget\" data-e-type=\"widget\" data-widget_type=\"heading.default\">\n\t\t\t\t<div class=\"elementor-widget-container\">\n\t\t\t\t\t<h1 class=\"elementor-heading-title elementor-size-default\">Elfmeter-Markierung<\/h1>\t\t\t\t<\/div>\n\t\t\t\t<\/div>\n\t\t\t\t<div class=\"elementor-element elementor-element-62c70084 elementor-widget elementor-widget-heading\" data-id=\"62c70084\" data-element_type=\"widget\" data-e-type=\"widget\" data-widget_type=\"heading.default\">\n\t\t\t\t<div class=\"elementor-widget-container\">\n\t\t\t\t\t<h2 class=\"elementor-heading-title elementor-size-default\">Zubeh\u00f6r f\u00fcr den Au\u00dfendienst<\/h2>\t\t\t\t<\/div>\n\t\t\t\t<\/div>\n\t\t\t\t<div class=\"elementor-element elementor-element-b66c6c8 elementor-widget elementor-widget-text-editor\" data-id=\"b66c6c8\" data-element_type=\"widget\" data-e-type=\"widget\" data-widget_type=\"text-editor.default\">\n\t\t\t\t<div class=\"elementor-widget-container\">\n\t\t\t\t\t\t\t\t\t<section class=\"toggle\">\n<div id=\"tab-description\" class=\"toggle-content is-open\" aria-hidden=\"false\">\n<p>Ein flexibler <strong>Penalty Circle Marker<\/strong> aus Gummi erm\u00f6glicht es Ihnen, perfekte Elfmeterpunkte auf Fu\u00dfballpl\u00e4tzen zu markieren. Der Penalty Spot Marker wird als Schablone zusammen mit Linienmarkierungsfarbe oder einem Aerosol verwendet.<\/p>\n<\/div>\n<\/section>\n\t\t\t\t\t\t\t\t<\/div>\n\t\t\t\t<\/div>\n\t\t\t\t<div class=\"elementor-element elementor-element-83ecf3f elementor-align-left elementor-mobile-align-center elementor-tablet-align-center elementor-widget elementor-widget-button\" data-id=\"83ecf3f\" data-element_type=\"widget\" data-e-type=\"widget\" data-widget_type=\"button.default\">\n\t\t\t\t<div class=\"elementor-widget-container\">\n\t\t\t\t\t\t\t\t\t<div class=\"elementor-button-wrapper\">\n\t\t\t\t\t<a class=\"elementor-button elementor-button-link elementor-size-xl\" href=\"https:\/\/www.lsi-line.de\/\" target=\"_blank\">\n\t\t\t\t\t\t<span class=\"elementor-button-content-wrapper\">\n\t\t\t\t\t\t\t\t\t<span class=\"elementor-button-text\">Kaufen Sie bei LSI Line<\/span>\n\t\t\t\t\t<\/span>\n\t\t\t\t\t<\/a>\n\t\t\t\t<\/div>\n\t\t\t\t\t\t\t\t<\/div>\n\t\t\t\t<\/div>\n\t\t\t\t\t<\/div>\n\t\t<\/div>\n\t\t\t\t\t<\/div>\n\t\t<\/section>\n\t\t\t\t<section class=\"elementor-section elementor-top-section elementor-element elementor-element-6492b01 elementor-section-boxed elementor-section-height-default elementor-section-height-default\" data-id=\"6492b01\" data-element_type=\"section\" data-e-type=\"section\" data-settings=\"{&quot;_ha_eqh_enable&quot;:false}\">\n\t\t\t\t\t\t<div class=\"elementor-container elementor-column-gap-default\">\n\t\t\t\t\t<div class=\"elementor-column elementor-col-100 elementor-top-column elementor-element elementor-element-09d3ee8\" data-id=\"09d3ee8\" data-element_type=\"column\" data-e-type=\"column\">\n\t\t\t<div class=\"elementor-widget-wrap elementor-element-populated\">\n\t\t\t\t\t\t<div class=\"elementor-element elementor-element-5d327fd elementor-align-right elementor-mobile-align-center elementor-widget elementor-widget-global elementor-global-43737 elementor-global-30774 elementor-widget-button\" data-id=\"5d327fd\" data-element_type=\"widget\" data-e-type=\"widget\" data-settings=\"{&quot;sticky&quot;:&quot;bottom&quot;,&quot;sticky_on&quot;:[&quot;desktop&quot;,&quot;tablet&quot;,&quot;mobile&quot;],&quot;sticky_offset&quot;:0,&quot;sticky_effects_offset&quot;:0,&quot;sticky_anchor_link_offset&quot;:0}\" data-widget_type=\"button.default\">\n\t\t\t\t<div class=\"elementor-widget-container\">\n\t\t\t\t\t\t\t\t\t<div class=\"elementor-button-wrapper\">\n\t\t\t\t\t<a class=\"elementor-button elementor-button-link elementor-size-sm\" href=\"#Oben\">\n\t\t\t\t\t\t<span class=\"elementor-button-content-wrapper\">\n\t\t\t\t\t\t<span class=\"elementor-button-icon\">\n\t\t\t\t<svg aria-hidden=\"true\" class=\"e-font-icon-svg e-far-arrow-alt-circle-up\" viewBox=\"0 0 512 512\" xmlns=\"http:\/\/www.w3.org\/2000\/svg\"><path d=\"M256 504c137 0 248-111 248-248S393 8 256 8 8 119 8 256s111 248 248 248zm0-448c110.5 0 200 89.5 200 200s-89.5 200-200 200S56 366.5 56 256 145.5 56 256 56zm20 328h-40c-6.6 0-12-5.4-12-12V256h-67c-10.7 0-16-12.9-8.5-20.5l99-99c4.7-4.7 12.3-4.7 17 0l99 99c7.6 7.6 2.2 20.5-8.5 20.5h-67v116c0 6.6-5.4 12-12 12z\"><\/path><\/svg>\t\t\t<\/span>\n\t\t\t\t\t\t\t\t\t<span class=\"elementor-button-text\">Zur\u00fcck zum Anfang<\/span>\n\t\t\t\t\t<\/span>\n\t\t\t\t\t<\/a>\n\t\t\t\t<\/div>\n\t\t\t\t\t\t\t\t<\/div>\n\t\t\t\t<\/div>\n\t\t\t\t\t<\/div>\n\t\t<\/div>\n\t\t\t\t\t<\/div>\n\t\t<\/section>\n\t\t\t\t<\/div>\n\t\t","protected":false},"excerpt":{"rendered":"<p>Elfmeter-Markierung Zubeh\u00f6r f\u00fcr den Au\u00dfendienst Ein flexibler Penalty Circle Marker aus Gummi erm\u00f6glicht es Ihnen, perfekte Elfmeterpunkte auf Fu\u00dfballpl\u00e4tzen zu markieren. Der Penalty Spot Marker wird als Schablone zusammen mit Linienmarkierungsfarbe oder einem Aerosol verwendet. Kaufen Sie bei LSI Line Back To Top<\/p>\n","protected":false},"author":219820763,"featured_media":40477,"parent":41037,"menu_order":0,"comment_status":"closed","ping_status":"closed","template":"","meta":{"site-sidebar-layout":"no-sidebar","site-content-layout":"page-builder","ast-site-content-layout":"default","site-content-style":"default","site-sidebar-style":"default","ast-global-header-display":"","ast-banner-title-visibility":"","ast-main-header-display":"","ast-hfb-above-header-display":"","ast-hfb-below-header-display":"","ast-hfb-mobile-header-display":"","site-post-title":"disabled","ast-breadcrumbs-content":"","ast-featured-img":"disabled","footer-sml-layout":"","ast-disable-related-posts":"","theme-transparent-header-meta":"","adv-header-id-meta":"","stick-header-meta":"","header-above-stick-meta":"","header-main-stick-meta":"","header-below-stick-meta":"","astra-migrate-meta-layouts":"default","ast-page-background-enabled":"default","ast-page-background-meta":{"desktop":{"background-color":"var(--ast-global-color-4)","background-image":"","background-repeat":"repeat","background-position":"center center","background-size":"auto","background-attachment":"scroll","background-type":"","background-media":"","overlay-type":"","overlay-color":"","overlay-opacity":"","overlay-gradient":""},"tablet":{"background-color":"","background-image":"","background-repeat":"repeat","background-position":"center center","background-size":"auto","background-attachment":"scroll","background-type":"","background-media":"","overlay-type":"","overlay-color":"","overlay-opacity":"","overlay-gradient":""},"mobile":{"background-color":"","background-image":"","background-repeat":"repeat","background-position":"center center","background-size":"auto","background-attachment":"scroll","background-type":"","background-media":"","overlay-type":"","overlay-color":"","overlay-opacity":"","overlay-gradient":""}},"ast-content-background-meta":{"desktop":{"background-color":"var(--ast-global-color-5)","background-image":"","background-repeat":"repeat","background-position":"center center","background-size":"auto","background-attachment":"scroll","background-type":"","background-media":"","overlay-type":"","overlay-color":"","overlay-opacity":"","overlay-gradient":""},"tablet":{"background-color":"var(--ast-global-color-5)","background-image":"","background-repeat":"repeat","background-position":"center center","background-size":"auto","background-attachment":"scroll","background-type":"","background-media":"","overlay-type":"","overlay-color":"","overlay-opacity":"","overlay-gradient":""},"mobile":{"background-color":"var(--ast-global-color-5)","background-image":"","background-repeat":"repeat","background-position":"center center","background-size":"auto","background-attachment":"scroll","background-type":"","background-media":"","overlay-type":"","overlay-color":"","overlay-opacity":"","overlay-gradient":""}},"jetpack_post_was_ever_published":false,"footnotes":""},"class_list":["post-40950","page","type-page","status-publish","has-post-thumbnail","hentry"],"yoast_head":"<!-- This site is optimized with the Yoast SEO plugin v27.3 - https:\/\/yoast.com\/product\/yoast-seo-wordpress\/ -->\n<title>Penalty Circle Marker | Pitchmark<\/title>\n<meta name=\"description\" content=\"Ein flexibler Gummikreis, mit dem Sie pr\u00e4zise Elfmeterpunkte auf Fu\u00dfballfeldern markieren k\u00f6nnen, zusammen mit Linienmarkierungsfarbe oder einem Aerosol.\" \/>\n<meta name=\"robots\" content=\"index, follow, max-snippet:-1, max-image-preview:large, max-video-preview:-1\" \/>\n<link rel=\"canonical\" href=\"https:\/\/pitchmark.com\/de\/produkte\/zubehoer\/feldzubehoer\/penalty-circle-marker\/\" \/>\n<meta property=\"og:locale\" content=\"de_DE\" \/>\n<meta property=\"og:type\" content=\"article\" \/>\n<meta property=\"og:title\" content=\"Penalty Circle Marker | Pitchmark\" \/>\n<meta property=\"og:description\" content=\"Ein flexibler Gummikreis, mit dem Sie pr\u00e4zise Elfmeterpunkte auf Fu\u00dfballfeldern markieren k\u00f6nnen, zusammen mit Linienmarkierungsfarbe oder einem Aerosol.\" \/>\n<meta property=\"og:url\" content=\"https:\/\/pitchmark.com\/de\/produkte\/zubehoer\/feldzubehoer\/penalty-circle-marker\/\" \/>\n<meta property=\"og:site_name\" content=\"Pitchmark\" \/>\n<meta property=\"article:publisher\" content=\"https:\/\/www.facebook.com\/Linemarking\" \/>\n<meta property=\"article:modified_time\" content=\"2023-06-22T08:15:56+00:00\" \/>\n<meta property=\"og:image\" content=\"https:\/\/pitchmark.com\/wp-content\/uploads\/2022\/08\/rubber-penalty-spot-marker-for-football-pitches.jpg\" \/>\n\t<meta property=\"og:image:width\" content=\"640\" \/>\n\t<meta property=\"og:image:height\" content=\"640\" \/>\n\t<meta property=\"og:image:type\" content=\"image\/jpeg\" \/>\n<meta name=\"twitter:card\" content=\"summary_large_image\" \/>\n<meta name=\"twitter:site\" content=\"@PitchmarkLtd\" \/>\n<meta name=\"twitter:label1\" content=\"Gesch\u00e4tzte Lesezeit\" \/>\n\t<meta name=\"twitter:data1\" content=\"1\u00a0Minute\" \/>\n<script type=\"application\/ld+json\" class=\"yoast-schema-graph\">{\"@context\":\"https:\\\/\\\/schema.org\",\"@graph\":[{\"@type\":\"WebPage\",\"@id\":\"https:\\\/\\\/pitchmark.com\\\/de\\\/produkte\\\/zubehoer\\\/feldzubehoer\\\/penalty-circle-marker\\\/\",\"url\":\"https:\\\/\\\/pitchmark.com\\\/de\\\/produkte\\\/zubehoer\\\/feldzubehoer\\\/penalty-circle-marker\\\/\",\"name\":\"Penalty Circle Marker | Pitchmark\",\"isPartOf\":{\"@id\":\"https:\\\/\\\/pitchmark.com\\\/de\\\/#website\"},\"primaryImageOfPage\":{\"@id\":\"https:\\\/\\\/pitchmark.com\\\/de\\\/produkte\\\/zubehoer\\\/feldzubehoer\\\/penalty-circle-marker\\\/#primaryimage\"},\"image\":{\"@id\":\"https:\\\/\\\/pitchmark.com\\\/de\\\/produkte\\\/zubehoer\\\/feldzubehoer\\\/penalty-circle-marker\\\/#primaryimage\"},\"thumbnailUrl\":\"https:\\\/\\\/i0.wp.com\\\/pitchmark.com\\\/wp-content\\\/uploads\\\/2022\\\/08\\\/rubber-penalty-spot-marker-for-football-pitches.jpg?fit=640%2C640&ssl=1\",\"datePublished\":\"2022-11-16T14:03:23+00:00\",\"dateModified\":\"2023-06-22T08:15:56+00:00\",\"description\":\"Ein flexibler Gummikreis, mit dem Sie pr\u00e4zise Elfmeterpunkte auf Fu\u00dfballfeldern markieren k\u00f6nnen, zusammen mit Linienmarkierungsfarbe oder einem Aerosol.\",\"breadcrumb\":{\"@id\":\"https:\\\/\\\/pitchmark.com\\\/de\\\/produkte\\\/zubehoer\\\/feldzubehoer\\\/penalty-circle-marker\\\/#breadcrumb\"},\"inLanguage\":\"de\",\"potentialAction\":[{\"@type\":\"ReadAction\",\"target\":[\"https:\\\/\\\/pitchmark.com\\\/de\\\/produkte\\\/zubehoer\\\/feldzubehoer\\\/penalty-circle-marker\\\/\"]}]},{\"@type\":\"ImageObject\",\"inLanguage\":\"de\",\"@id\":\"https:\\\/\\\/pitchmark.com\\\/de\\\/produkte\\\/zubehoer\\\/feldzubehoer\\\/penalty-circle-marker\\\/#primaryimage\",\"url\":\"https:\\\/\\\/i0.wp.com\\\/pitchmark.com\\\/wp-content\\\/uploads\\\/2022\\\/08\\\/rubber-penalty-spot-marker-for-football-pitches.jpg?fit=640%2C640&ssl=1\",\"contentUrl\":\"https:\\\/\\\/i0.wp.com\\\/pitchmark.com\\\/wp-content\\\/uploads\\\/2022\\\/08\\\/rubber-penalty-spot-marker-for-football-pitches.jpg?fit=640%2C640&ssl=1\",\"width\":640,\"height\":640,\"caption\":\"Gummi-Elfmeter-Marker-f\u00fcr-Fu\u00dfballpl\u00e4tze\"},{\"@type\":\"BreadcrumbList\",\"@id\":\"https:\\\/\\\/pitchmark.com\\\/de\\\/produkte\\\/zubehoer\\\/feldzubehoer\\\/penalty-circle-marker\\\/#breadcrumb\",\"itemListElement\":[{\"@type\":\"ListItem\",\"position\":1,\"name\":\"Produkte\",\"item\":\"https:\\\/\\\/pitchmark.com\\\/de\\\/line-marking-products\\\/\"},{\"@type\":\"ListItem\",\"position\":2,\"name\":\"Zubeh\u00f6r\",\"item\":\"https:\\\/\\\/pitchmark.com\\\/de\\\/produkte\\\/zubehoer\\\/\"},{\"@type\":\"ListItem\",\"position\":3,\"name\":\"Feldzubeh\u00f6r\",\"item\":\"https:\\\/\\\/pitchmark.com\\\/de\\\/produkte\\\/zubehoer\\\/feldzubehoer\\\/\"},{\"@type\":\"ListItem\",\"position\":4,\"name\":\"Penalty Circle Marker\"}]},{\"@type\":\"WebSite\",\"@id\":\"https:\\\/\\\/pitchmark.com\\\/de\\\/#website\",\"url\":\"https:\\\/\\\/pitchmark.com\\\/de\\\/\",\"name\":\"Pitchmark\",\"description\":\"The Future Of Line Marking\",\"publisher\":{\"@id\":\"https:\\\/\\\/pitchmark.com\\\/de\\\/#organization\"},\"potentialAction\":[{\"@type\":\"SearchAction\",\"target\":{\"@type\":\"EntryPoint\",\"urlTemplate\":\"https:\\\/\\\/pitchmark.com\\\/de\\\/?s={search_term_string}\"},\"query-input\":{\"@type\":\"PropertyValueSpecification\",\"valueRequired\":true,\"valueName\":\"search_term_string\"}}],\"inLanguage\":\"de\"},{\"@type\":\"Organization\",\"@id\":\"https:\\\/\\\/pitchmark.com\\\/de\\\/#organization\",\"name\":\"Pitchmark\",\"url\":\"https:\\\/\\\/pitchmark.com\\\/de\\\/\",\"logo\":{\"@type\":\"ImageObject\",\"inLanguage\":\"de\",\"@id\":\"https:\\\/\\\/pitchmark.com\\\/de\\\/#\\\/schema\\\/logo\\\/image\\\/\",\"url\":\"https:\\\/\\\/pitchmark.com\\\/wp-content\\\/uploads\\\/2022\\\/11\\\/Pitchmark-Dark-Green-Oval.png\",\"contentUrl\":\"https:\\\/\\\/pitchmark.com\\\/wp-content\\\/uploads\\\/2022\\\/11\\\/Pitchmark-Dark-Green-Oval.png\",\"width\":1348,\"height\":522,\"caption\":\"Pitchmark\"},\"image\":{\"@id\":\"https:\\\/\\\/pitchmark.com\\\/de\\\/#\\\/schema\\\/logo\\\/image\\\/\"},\"sameAs\":[\"https:\\\/\\\/www.facebook.com\\\/Linemarking\",\"https:\\\/\\\/x.com\\\/PitchmarkLtd\"]}]}<\/script>\n<!-- \/ Yoast SEO plugin. -->","yoast_head_json":{"title":"Penalty Circle Marker | Pitchmark","description":"Ein flexibler Gummikreis, mit dem Sie pr\u00e4zise Elfmeterpunkte auf Fu\u00dfballfeldern markieren k\u00f6nnen, zusammen mit Linienmarkierungsfarbe oder einem Aerosol.","robots":{"index":"index","follow":"follow","max-snippet":"max-snippet:-1","max-image-preview":"max-image-preview:large","max-video-preview":"max-video-preview:-1"},"canonical":"https:\/\/pitchmark.com\/de\/produkte\/zubehoer\/feldzubehoer\/penalty-circle-marker\/","og_locale":"de_DE","og_type":"article","og_title":"Penalty Circle Marker | Pitchmark","og_description":"Ein flexibler Gummikreis, mit dem Sie pr\u00e4zise Elfmeterpunkte auf Fu\u00dfballfeldern markieren k\u00f6nnen, zusammen mit Linienmarkierungsfarbe oder einem Aerosol.","og_url":"https:\/\/pitchmark.com\/de\/produkte\/zubehoer\/feldzubehoer\/penalty-circle-marker\/","og_site_name":"Pitchmark","article_publisher":"https:\/\/www.facebook.com\/Linemarking","article_modified_time":"2023-06-22T08:15:56+00:00","og_image":[{"width":640,"height":640,"url":"https:\/\/pitchmark.com\/wp-content\/uploads\/2022\/08\/rubber-penalty-spot-marker-for-football-pitches.jpg","type":"image\/jpeg"}],"twitter_card":"summary_large_image","twitter_site":"@PitchmarkLtd","twitter_misc":{"Gesch\u00e4tzte Lesezeit":"1\u00a0Minute"},"schema":{"@context":"https:\/\/schema.org","@graph":[{"@type":"WebPage","@id":"https:\/\/pitchmark.com\/de\/produkte\/zubehoer\/feldzubehoer\/penalty-circle-marker\/","url":"https:\/\/pitchmark.com\/de\/produkte\/zubehoer\/feldzubehoer\/penalty-circle-marker\/","name":"Penalty Circle Marker | Pitchmark","isPartOf":{"@id":"https:\/\/pitchmark.com\/de\/#website"},"primaryImageOfPage":{"@id":"https:\/\/pitchmark.com\/de\/produkte\/zubehoer\/feldzubehoer\/penalty-circle-marker\/#primaryimage"},"image":{"@id":"https:\/\/pitchmark.com\/de\/produkte\/zubehoer\/feldzubehoer\/penalty-circle-marker\/#primaryimage"},"thumbnailUrl":"https:\/\/i0.wp.com\/pitchmark.com\/wp-content\/uploads\/2022\/08\/rubber-penalty-spot-marker-for-football-pitches.jpg?fit=640%2C640&ssl=1","datePublished":"2022-11-16T14:03:23+00:00","dateModified":"2023-06-22T08:15:56+00:00","description":"Ein flexibler Gummikreis, mit dem Sie pr\u00e4zise Elfmeterpunkte auf Fu\u00dfballfeldern markieren k\u00f6nnen, zusammen mit Linienmarkierungsfarbe oder einem Aerosol.","breadcrumb":{"@id":"https:\/\/pitchmark.com\/de\/produkte\/zubehoer\/feldzubehoer\/penalty-circle-marker\/#breadcrumb"},"inLanguage":"de","potentialAction":[{"@type":"ReadAction","target":["https:\/\/pitchmark.com\/de\/produkte\/zubehoer\/feldzubehoer\/penalty-circle-marker\/"]}]},{"@type":"ImageObject","inLanguage":"de","@id":"https:\/\/pitchmark.com\/de\/produkte\/zubehoer\/feldzubehoer\/penalty-circle-marker\/#primaryimage","url":"https:\/\/i0.wp.com\/pitchmark.com\/wp-content\/uploads\/2022\/08\/rubber-penalty-spot-marker-for-football-pitches.jpg?fit=640%2C640&ssl=1","contentUrl":"https:\/\/i0.wp.com\/pitchmark.com\/wp-content\/uploads\/2022\/08\/rubber-penalty-spot-marker-for-football-pitches.jpg?fit=640%2C640&ssl=1","width":640,"height":640,"caption":"Gummi-Elfmeter-Marker-f\u00fcr-Fu\u00dfballpl\u00e4tze"},{"@type":"BreadcrumbList","@id":"https:\/\/pitchmark.com\/de\/produkte\/zubehoer\/feldzubehoer\/penalty-circle-marker\/#breadcrumb","itemListElement":[{"@type":"ListItem","position":1,"name":"Produkte","item":"https:\/\/pitchmark.com\/de\/line-marking-products\/"},{"@type":"ListItem","position":2,"name":"Zubeh\u00f6r","item":"https:\/\/pitchmark.com\/de\/produkte\/zubehoer\/"},{"@type":"ListItem","position":3,"name":"Feldzubeh\u00f6r","item":"https:\/\/pitchmark.com\/de\/produkte\/zubehoer\/feldzubehoer\/"},{"@type":"ListItem","position":4,"name":"Penalty Circle Marker"}]},{"@type":"WebSite","@id":"https:\/\/pitchmark.com\/de\/#website","url":"https:\/\/pitchmark.com\/de\/","name":"Pitchmark","description":"The Future Of Line Marking","publisher":{"@id":"https:\/\/pitchmark.com\/de\/#organization"},"potentialAction":[{"@type":"SearchAction","target":{"@type":"EntryPoint","urlTemplate":"https:\/\/pitchmark.com\/de\/?s={search_term_string}"},"query-input":{"@type":"PropertyValueSpecification","valueRequired":true,"valueName":"search_term_string"}}],"inLanguage":"de"},{"@type":"Organization","@id":"https:\/\/pitchmark.com\/de\/#organization","name":"Pitchmark","url":"https:\/\/pitchmark.com\/de\/","logo":{"@type":"ImageObject","inLanguage":"de","@id":"https:\/\/pitchmark.com\/de\/#\/schema\/logo\/image\/","url":"https:\/\/pitchmark.com\/wp-content\/uploads\/2022\/11\/Pitchmark-Dark-Green-Oval.png","contentUrl":"https:\/\/pitchmark.com\/wp-content\/uploads\/2022\/11\/Pitchmark-Dark-Green-Oval.png","width":1348,"height":522,"caption":"Pitchmark"},"image":{"@id":"https:\/\/pitchmark.com\/de\/#\/schema\/logo\/image\/"},"sameAs":["https:\/\/www.facebook.com\/Linemarking","https:\/\/x.com\/PitchmarkLtd"]}]}},"jetpack_likes_enabled":false,"jetpack_sharing_enabled":true,"jetpack_shortlink":"https:\/\/wp.me\/PdSCqU-aEu","_links":{"self":[{"href":"https:\/\/pitchmark.com\/de\/wp-json\/wp\/v2\/pages\/40950","targetHints":{"allow":["GET"]}}],"collection":[{"href":"https:\/\/pitchmark.com\/de\/wp-json\/wp\/v2\/pages"}],"about":[{"href":"https:\/\/pitchmark.com\/de\/wp-json\/wp\/v2\/types\/page"}],"author":[{"embeddable":true,"href":"https:\/\/pitchmark.com\/de\/wp-json\/wp\/v2\/users\/219820763"}],"replies":[{"embeddable":true,"href":"https:\/\/pitchmark.com\/de\/wp-json\/wp\/v2\/comments?post=40950"}],"version-history":[{"count":4,"href":"https:\/\/pitchmark.com\/de\/wp-json\/wp\/v2\/pages\/40950\/revisions"}],"predecessor-version":[{"id":41316,"href":"https:\/\/pitchmark.com\/de\/wp-json\/wp\/v2\/pages\/40950\/revisions\/41316"}],"up":[{"embeddable":true,"href":"https:\/\/pitchmark.com\/de\/wp-json\/wp\/v2\/pages\/41037"}],"wp:featuredmedia":[{"embeddable":true,"href":"https:\/\/pitchmark.com\/de\/wp-json\/wp\/v2\/media\/40477"}],"wp:attachment":[{"href":"https:\/\/pitchmark.com\/de\/wp-json\/wp\/v2\/media?parent=40950"}],"curies":[{"name":"wp","href":"https:\/\/api.w.org\/{rel}","templated":true}]}}