{"id":43149,"date":"2022-11-16T14:03:23","date_gmt":"2022-11-16T14:03:23","guid":{"rendered":"https:\/\/pitchmark.com\/rangaistusympyran-merkinta\/"},"modified":"2023-07-18T14:41:56","modified_gmt":"2023-07-18T13:41:56","slug":"rangaistusympyran-merkinta","status":"publish","type":"page","link":"https:\/\/pitchmark.com\/fi\/tuotteet\/tarvikkeet\/kenttatarvikkeet\/rangaistusympyran-merkinta\/","title":{"rendered":"Rangaistusympyr\u00e4n merkint\u00e4"},"content":{"rendered":"\t\t<div data-elementor-type=\"wp-page\" data-elementor-id=\"43149\" class=\"elementor elementor-43149 elementor-28457\" data-elementor-settings=\"{&quot;ha_cmc_init_switcher&quot;:&quot;no&quot;}\" data-elementor-post-type=\"page\">\n\t\t\t\t\t\t<section class=\"elementor-section elementor-top-section elementor-element elementor-element-75602a4b elementor-section-content-middle elementor-section-boxed elementor-section-height-default elementor-section-height-default\" data-id=\"75602a4b\" data-element_type=\"section\" data-e-type=\"section\" id=\"top\" data-settings=\"{&quot;background_background&quot;:&quot;classic&quot;,&quot;_ha_eqh_enable&quot;:false}\">\n\t\t\t\t\t\t<div class=\"elementor-container elementor-column-gap-no\">\n\t\t\t\t\t<div class=\"elementor-column elementor-col-50 elementor-top-column elementor-element elementor-element-1aeb8fb7\" data-id=\"1aeb8fb7\" data-element_type=\"column\" data-e-type=\"column\">\n\t\t\t<div class=\"elementor-widget-wrap elementor-element-populated\">\n\t\t\t\t\t\t<div class=\"elementor-element elementor-element-1799c545 elementor-skin-carousel elementor-arrows-yes elementor-pagination-type-bullets elementor-pagination-position-outside elementor-widget elementor-widget-media-carousel\" data-id=\"1799c545\" data-element_type=\"widget\" data-e-type=\"widget\" data-settings=\"{&quot;effect&quot;:&quot;fade&quot;,&quot;autoplay_speed&quot;:15000,&quot;skin&quot;:&quot;carousel&quot;,&quot;show_arrows&quot;:&quot;yes&quot;,&quot;pagination&quot;:&quot;bullets&quot;,&quot;speed&quot;:500,&quot;autoplay&quot;:&quot;yes&quot;,&quot;loop&quot;:&quot;yes&quot;,&quot;pause_on_hover&quot;:&quot;yes&quot;,&quot;pause_on_interaction&quot;:&quot;yes&quot;,&quot;space_between&quot;:{&quot;unit&quot;:&quot;px&quot;,&quot;size&quot;:10,&quot;sizes&quot;:[]},&quot;space_between_tablet&quot;:{&quot;unit&quot;:&quot;px&quot;,&quot;size&quot;:10,&quot;sizes&quot;:[]},&quot;space_between_mobile&quot;:{&quot;unit&quot;:&quot;px&quot;,&quot;size&quot;:10,&quot;sizes&quot;:[]}}\" data-widget_type=\"media-carousel.default\">\n\t\t\t\t<div class=\"elementor-widget-container\">\n\t\t\t\t\t\t\t\t\t<div class=\"elementor-swiper\">\n\t\t\t\t\t<div class=\"elementor-main-swiper swiper\" role=\"region\" aria-roledescription=\"carousel\" aria-label=\"Slides\">\n\t\t\t\t<div class=\"swiper-wrapper\">\n\t\t\t\t\t\t\t\t\t\t\t<div class=\"swiper-slide\" role=\"group\" aria-roledescription=\"slide\">\n\t\t\t\t\t\t\t\t\t<div class=\"elementor-carousel-image\" role=\"img\" aria-label=\"kumi-rangaistuspiste-merkint\u00e4 jalkapallokentille\" style=\"background-image: url(&#039;https:\/\/i0.wp.com\/pitchmark.com\/wp-content\/uploads\/2022\/08\/rubber-penalty-spot-marker-for-football-pitches.jpg?fit=640%2C640&amp;ssl=1&#039;)\">\n\n\t\t\t\n\t\t\t\t\t<\/div>\n\t\t\t\t\t\t\t\t<\/div>\n\t\t\t\t\t\t\t\t\t<\/div>\n\t\t\t\t\t\t\t<\/div>\n\t\t\t\t<\/div>\n\t\t\t\t\t\t\t\t<\/div>\n\t\t\t\t<\/div>\n\t\t\t\t\t<\/div>\n\t\t<\/div>\n\t\t\t\t<div class=\"elementor-column elementor-col-50 elementor-top-column elementor-element elementor-element-67005861\" data-id=\"67005861\" data-element_type=\"column\" data-e-type=\"column\">\n\t\t\t<div class=\"elementor-widget-wrap elementor-element-populated\">\n\t\t\t\t\t\t<div class=\"elementor-element elementor-element-91309be elementor-align-left elementor-mobile-align-center elementor-hidden-mobile elementor-widget elementor-widget-global elementor-global-43857 elementor-global-37296 elementor-widget-breadcrumbs\" data-id=\"91309be\" data-element_type=\"widget\" data-e-type=\"widget\" data-widget_type=\"breadcrumbs.default\">\n\t\t\t\t<div class=\"elementor-widget-container\">\n\t\t\t\t\t<p id=\"breadcrumbs\"><\/p>\t\t\t\t<\/div>\n\t\t\t\t<\/div>\n\t\t\t\t<div class=\"elementor-element elementor-element-14d17cae elementor-widget elementor-widget-heading\" data-id=\"14d17cae\" data-element_type=\"widget\" data-e-type=\"widget\" data-widget_type=\"heading.default\">\n\t\t\t\t<div class=\"elementor-widget-container\">\n\t\t\t\t\t<h1 class=\"elementor-heading-title elementor-size-default\">Rangaistuspisteen merkki<\/h1>\t\t\t\t<\/div>\n\t\t\t\t<\/div>\n\t\t\t\t<div class=\"elementor-element elementor-element-62c70084 elementor-widget elementor-widget-heading\" data-id=\"62c70084\" data-element_type=\"widget\" data-e-type=\"widget\" data-widget_type=\"heading.default\">\n\t\t\t\t<div class=\"elementor-widget-container\">\n\t\t\t\t\t<h2 class=\"elementor-heading-title elementor-size-default\">Kentt\u00e4tarvike<\/h2>\t\t\t\t<\/div>\n\t\t\t\t<\/div>\n\t\t\t\t<div class=\"elementor-element elementor-element-b66c6c8 elementor-widget elementor-widget-text-editor\" data-id=\"b66c6c8\" data-element_type=\"widget\" data-e-type=\"widget\" data-widget_type=\"text-editor.default\">\n\t\t\t\t<div class=\"elementor-widget-container\">\n\t\t\t\t\t\t\t\t\t<section class=\"toggle\">\n<div id=\"tab-description\" class=\"toggle-content is-open\" aria-hidden=\"false\">\n<p>Joustavan kumisen <strong>rangaistusympyr\u00e4n merkin<\/strong> avulla voit merkit\u00e4 t\u00e4ydelliset rangaistusalueet jalkapallokentille. Penalty Spot Marker -merkint\u00e4kyn\u00e4\u00e4 k\u00e4ytet\u00e4\u00e4n sabluunana viivamerkint\u00e4maalin tai aerosolin rinnalla.<\/p>\n<\/div>\n<\/section>\n\t\t\t\t\t\t\t\t<\/div>\n\t\t\t\t<\/div>\n\t\t\t\t<div class=\"elementor-element elementor-element-83ecf3f elementor-align-left elementor-mobile-align-center elementor-tablet-align-center elementor-widget elementor-widget-button\" data-id=\"83ecf3f\" data-element_type=\"widget\" data-e-type=\"widget\" data-widget_type=\"button.default\">\n\t\t\t\t<div class=\"elementor-widget-container\">\n\t\t\t\t\t\t\t\t\t<div class=\"elementor-button-wrapper\">\n\t\t\t\t\t<a class=\"elementor-button elementor-button-link elementor-size-xl\" href=\"https:\/\/turfix.co.uk\/products\/line-marking-accessories\/penalty-circle-marker\/\" target=\"_blank\">\n\t\t\t\t\t\t<span class=\"elementor-button-content-wrapper\">\n\t\t\t\t\t\t\t\t\t<span class=\"elementor-button-text\">Osta Turfix<\/span>\n\t\t\t\t\t<\/span>\n\t\t\t\t\t<\/a>\n\t\t\t\t<\/div>\n\t\t\t\t\t\t\t\t<\/div>\n\t\t\t\t<\/div>\n\t\t\t\t\t<\/div>\n\t\t<\/div>\n\t\t\t\t\t<\/div>\n\t\t<\/section>\n\t\t\t\t<section class=\"elementor-section elementor-top-section elementor-element elementor-element-6492b01 elementor-section-boxed elementor-section-height-default elementor-section-height-default\" data-id=\"6492b01\" data-element_type=\"section\" data-e-type=\"section\" data-settings=\"{&quot;_ha_eqh_enable&quot;:false}\">\n\t\t\t\t\t\t<div class=\"elementor-container elementor-column-gap-default\">\n\t\t\t\t\t<div class=\"elementor-column elementor-col-100 elementor-top-column elementor-element elementor-element-09d3ee8\" data-id=\"09d3ee8\" data-element_type=\"column\" data-e-type=\"column\">\n\t\t\t<div class=\"elementor-widget-wrap elementor-element-populated\">\n\t\t\t\t\t\t<div class=\"elementor-element elementor-element-5d327fd elementor-align-right elementor-mobile-align-center elementor-widget elementor-widget-global elementor-global-43683 elementor-global-30774 elementor-widget-button\" data-id=\"5d327fd\" data-element_type=\"widget\" data-e-type=\"widget\" data-settings=\"{&quot;sticky&quot;:&quot;bottom&quot;,&quot;sticky_on&quot;:[&quot;desktop&quot;,&quot;tablet&quot;,&quot;mobile&quot;],&quot;sticky_offset&quot;:0,&quot;sticky_effects_offset&quot;:0,&quot;sticky_anchor_link_offset&quot;:0}\" data-widget_type=\"button.default\">\n\t\t\t\t<div class=\"elementor-widget-container\">\n\t\t\t\t\t\t\t\t\t<div class=\"elementor-button-wrapper\">\n\t\t\t\t\t<a class=\"elementor-button elementor-button-link elementor-size-sm\" href=\"#top\">\n\t\t\t\t\t\t<span class=\"elementor-button-content-wrapper\">\n\t\t\t\t\t\t<span class=\"elementor-button-icon\">\n\t\t\t\t<svg aria-hidden=\"true\" class=\"e-font-icon-svg e-far-arrow-alt-circle-up\" viewBox=\"0 0 512 512\" xmlns=\"http:\/\/www.w3.org\/2000\/svg\"><path d=\"M256 504c137 0 248-111 248-248S393 8 256 8 8 119 8 256s111 248 248 248zm0-448c110.5 0 200 89.5 200 200s-89.5 200-200 200S56 366.5 56 256 145.5 56 256 56zm20 328h-40c-6.6 0-12-5.4-12-12V256h-67c-10.7 0-16-12.9-8.5-20.5l99-99c4.7-4.7 12.3-4.7 17 0l99 99c7.6 7.6 2.2 20.5-8.5 20.5h-67v116c0 6.6-5.4 12-12 12z\"><\/path><\/svg>\t\t\t<\/span>\n\t\t\t\t\t\t\t\t\t<span class=\"elementor-button-text\">Takaisin alkuun<\/span>\n\t\t\t\t\t<\/span>\n\t\t\t\t\t<\/a>\n\t\t\t\t<\/div>\n\t\t\t\t\t\t\t\t<\/div>\n\t\t\t\t<\/div>\n\t\t\t\t\t<\/div>\n\t\t<\/div>\n\t\t\t\t\t<\/div>\n\t\t<\/section>\n\t\t\t\t<\/div>\n\t\t","protected":false},"excerpt":{"rendered":"<p>Rangaistuspisteen merkki Kentt\u00e4tarvike Joustavan kumisen rangaistusympyr\u00e4n merkin avulla voit merkit\u00e4 t\u00e4ydelliset rangaistusalueet jalkapallokentille. Penalty Spot Marker -merkint\u00e4kyn\u00e4\u00e4 k\u00e4ytet\u00e4\u00e4n sabluunana viivamerkint\u00e4maalin tai aerosolin rinnalla. Osta Turfix Back To Top<\/p>\n","protected":false},"author":219820763,"featured_media":42605,"parent":43406,"menu_order":0,"comment_status":"closed","ping_status":"closed","template":"","meta":{"site-sidebar-layout":"no-sidebar","site-content-layout":"page-builder","ast-site-content-layout":"default","site-content-style":"default","site-sidebar-style":"default","ast-global-header-display":"","ast-banner-title-visibility":"","ast-main-header-display":"","ast-hfb-above-header-display":"","ast-hfb-below-header-display":"","ast-hfb-mobile-header-display":"","site-post-title":"disabled","ast-breadcrumbs-content":"","ast-featured-img":"disabled","footer-sml-layout":"","ast-disable-related-posts":"","theme-transparent-header-meta":"","adv-header-id-meta":"","stick-header-meta":"","header-above-stick-meta":"","header-main-stick-meta":"","header-below-stick-meta":"","astra-migrate-meta-layouts":"default","ast-page-background-enabled":"default","ast-page-background-meta":{"desktop":{"background-color":"var(--ast-global-color-4)","background-image":"","background-repeat":"repeat","background-position":"center center","background-size":"auto","background-attachment":"scroll","background-type":"","background-media":"","overlay-type":"","overlay-color":"","overlay-opacity":"","overlay-gradient":""},"tablet":{"background-color":"","background-image":"","background-repeat":"repeat","background-position":"center center","background-size":"auto","background-attachment":"scroll","background-type":"","background-media":"","overlay-type":"","overlay-color":"","overlay-opacity":"","overlay-gradient":""},"mobile":{"background-color":"","background-image":"","background-repeat":"repeat","background-position":"center center","background-size":"auto","background-attachment":"scroll","background-type":"","background-media":"","overlay-type":"","overlay-color":"","overlay-opacity":"","overlay-gradient":""}},"ast-content-background-meta":{"desktop":{"background-color":"var(--ast-global-color-5)","background-image":"","background-repeat":"repeat","background-position":"center center","background-size":"auto","background-attachment":"scroll","background-type":"","background-media":"","overlay-type":"","overlay-color":"","overlay-opacity":"","overlay-gradient":""},"tablet":{"background-color":"var(--ast-global-color-5)","background-image":"","background-repeat":"repeat","background-position":"center center","background-size":"auto","background-attachment":"scroll","background-type":"","background-media":"","overlay-type":"","overlay-color":"","overlay-opacity":"","overlay-gradient":""},"mobile":{"background-color":"var(--ast-global-color-5)","background-image":"","background-repeat":"repeat","background-position":"center center","background-size":"auto","background-attachment":"scroll","background-type":"","background-media":"","overlay-type":"","overlay-color":"","overlay-opacity":"","overlay-gradient":""}},"footnotes":""},"class_list":["post-43149","page","type-page","status-publish","has-post-thumbnail","hentry"],"yoast_head":"<!-- This site is optimized with the Yoast SEO plugin v27.5 - https:\/\/yoast.com\/product\/yoast-seo-wordpress\/ -->\n<title>Rangaistusympyr\u00e4n merkint\u00e4 | Pitchmark<\/title>\n<meta name=\"description\" content=\"Joustava kuminen ympyr\u00e4, jonka avulla voit merkit\u00e4 tarkat rangaistuspisteet jalkapallokentille viivamerkint\u00e4maalin tai aerosolin kanssa.\" \/>\n<meta name=\"robots\" content=\"index, follow, max-snippet:-1, max-image-preview:large, max-video-preview:-1\" \/>\n<link rel=\"canonical\" href=\"https:\/\/pitchmark.com\/fi\/tuotteet\/tarvikkeet\/kenttatarvikkeet\/rangaistusympyran-merkinta\/\" \/>\n<meta property=\"og:locale\" content=\"fi_FI\" \/>\n<meta property=\"og:type\" content=\"article\" \/>\n<meta property=\"og:title\" content=\"Rangaistusympyr\u00e4n merkint\u00e4 | Pitchmark\" \/>\n<meta property=\"og:description\" content=\"Joustava kuminen ympyr\u00e4, jonka avulla voit merkit\u00e4 tarkat rangaistuspisteet jalkapallokentille viivamerkint\u00e4maalin tai aerosolin kanssa.\" \/>\n<meta property=\"og:url\" content=\"https:\/\/pitchmark.com\/fi\/tuotteet\/tarvikkeet\/kenttatarvikkeet\/rangaistusympyran-merkinta\/\" \/>\n<meta property=\"og:site_name\" content=\"Pitchmark\" \/>\n<meta property=\"article:publisher\" content=\"https:\/\/www.facebook.com\/Linemarking\" \/>\n<meta property=\"article:modified_time\" content=\"2023-07-18T13:41:56+00:00\" \/>\n<meta property=\"og:image\" content=\"https:\/\/pitchmark.com\/wp-content\/uploads\/2022\/08\/rubber-penalty-spot-marker-for-football-pitches.jpg\" \/>\n\t<meta property=\"og:image:width\" content=\"640\" \/>\n\t<meta property=\"og:image:height\" content=\"640\" \/>\n\t<meta property=\"og:image:type\" content=\"image\/jpeg\" \/>\n<meta name=\"twitter:card\" content=\"summary_large_image\" \/>\n<meta name=\"twitter:site\" content=\"@PitchmarkLtd\" \/>\n<script type=\"application\/ld+json\" class=\"yoast-schema-graph\">{\"@context\":\"https:\\\/\\\/schema.org\",\"@graph\":[{\"@type\":\"WebPage\",\"@id\":\"https:\\\/\\\/pitchmark.com\\\/fi\\\/tuotteet\\\/tarvikkeet\\\/kenttatarvikkeet\\\/rangaistusympyran-merkinta\\\/\",\"url\":\"https:\\\/\\\/pitchmark.com\\\/fi\\\/tuotteet\\\/tarvikkeet\\\/kenttatarvikkeet\\\/rangaistusympyran-merkinta\\\/\",\"name\":\"Rangaistusympyr\u00e4n merkint\u00e4 | Pitchmark\",\"isPartOf\":{\"@id\":\"https:\\\/\\\/pitchmark.com\\\/fi\\\/#website\"},\"primaryImageOfPage\":{\"@id\":\"https:\\\/\\\/pitchmark.com\\\/fi\\\/tuotteet\\\/tarvikkeet\\\/kenttatarvikkeet\\\/rangaistusympyran-merkinta\\\/#primaryimage\"},\"image\":{\"@id\":\"https:\\\/\\\/pitchmark.com\\\/fi\\\/tuotteet\\\/tarvikkeet\\\/kenttatarvikkeet\\\/rangaistusympyran-merkinta\\\/#primaryimage\"},\"thumbnailUrl\":\"https:\\\/\\\/i0.wp.com\\\/pitchmark.com\\\/wp-content\\\/uploads\\\/2022\\\/08\\\/rubber-penalty-spot-marker-for-football-pitches.jpg?fit=640%2C640&ssl=1\",\"datePublished\":\"2022-11-16T14:03:23+00:00\",\"dateModified\":\"2023-07-18T13:41:56+00:00\",\"description\":\"Joustava kuminen ympyr\u00e4, jonka avulla voit merkit\u00e4 tarkat rangaistuspisteet jalkapallokentille viivamerkint\u00e4maalin tai aerosolin kanssa.\",\"breadcrumb\":{\"@id\":\"https:\\\/\\\/pitchmark.com\\\/fi\\\/tuotteet\\\/tarvikkeet\\\/kenttatarvikkeet\\\/rangaistusympyran-merkinta\\\/#breadcrumb\"},\"inLanguage\":\"fi\",\"potentialAction\":[{\"@type\":\"ReadAction\",\"target\":[\"https:\\\/\\\/pitchmark.com\\\/fi\\\/tuotteet\\\/tarvikkeet\\\/kenttatarvikkeet\\\/rangaistusympyran-merkinta\\\/\"]}]},{\"@type\":\"ImageObject\",\"inLanguage\":\"fi\",\"@id\":\"https:\\\/\\\/pitchmark.com\\\/fi\\\/tuotteet\\\/tarvikkeet\\\/kenttatarvikkeet\\\/rangaistusympyran-merkinta\\\/#primaryimage\",\"url\":\"https:\\\/\\\/i0.wp.com\\\/pitchmark.com\\\/wp-content\\\/uploads\\\/2022\\\/08\\\/rubber-penalty-spot-marker-for-football-pitches.jpg?fit=640%2C640&ssl=1\",\"contentUrl\":\"https:\\\/\\\/i0.wp.com\\\/pitchmark.com\\\/wp-content\\\/uploads\\\/2022\\\/08\\\/rubber-penalty-spot-marker-for-football-pitches.jpg?fit=640%2C640&ssl=1\",\"width\":640,\"height\":640,\"caption\":\"kumi-rangaistuspiste-merkint\u00e4 jalkapallokentille\"},{\"@type\":\"BreadcrumbList\",\"@id\":\"https:\\\/\\\/pitchmark.com\\\/fi\\\/tuotteet\\\/tarvikkeet\\\/kenttatarvikkeet\\\/rangaistusympyran-merkinta\\\/#breadcrumb\",\"itemListElement\":[{\"@type\":\"ListItem\",\"position\":1,\"name\":\"Tuotteet\",\"item\":\"https:\\\/\\\/pitchmark.com\\\/fi\\\/line-marking-products\\\/\"},{\"@type\":\"ListItem\",\"position\":2,\"name\":\"Tarvikkeet\",\"item\":\"https:\\\/\\\/pitchmark.com\\\/fi\\\/tuotteet\\\/tarvikkeet\\\/\"},{\"@type\":\"ListItem\",\"position\":3,\"name\":\"Kentt\u00e4tarvikkeet\",\"item\":\"https:\\\/\\\/pitchmark.com\\\/fi\\\/tuotteet\\\/tarvikkeet\\\/kenttatarvikkeet\\\/\"},{\"@type\":\"ListItem\",\"position\":4,\"name\":\"Rangaistusympyr\u00e4n merkint\u00e4\"}]},{\"@type\":\"WebSite\",\"@id\":\"https:\\\/\\\/pitchmark.com\\\/fi\\\/#website\",\"url\":\"https:\\\/\\\/pitchmark.com\\\/fi\\\/\",\"name\":\"Pitchmark\",\"description\":\"The Future Of Line Marking\",\"publisher\":{\"@id\":\"https:\\\/\\\/pitchmark.com\\\/fi\\\/#organization\"},\"potentialAction\":[{\"@type\":\"SearchAction\",\"target\":{\"@type\":\"EntryPoint\",\"urlTemplate\":\"https:\\\/\\\/pitchmark.com\\\/fi\\\/?s={search_term_string}\"},\"query-input\":{\"@type\":\"PropertyValueSpecification\",\"valueRequired\":true,\"valueName\":\"search_term_string\"}}],\"inLanguage\":\"fi\"},{\"@type\":\"Organization\",\"@id\":\"https:\\\/\\\/pitchmark.com\\\/fi\\\/#organization\",\"name\":\"Pitchmark\",\"url\":\"https:\\\/\\\/pitchmark.com\\\/fi\\\/\",\"logo\":{\"@type\":\"ImageObject\",\"inLanguage\":\"fi\",\"@id\":\"https:\\\/\\\/pitchmark.com\\\/fi\\\/#\\\/schema\\\/logo\\\/image\\\/\",\"url\":\"https:\\\/\\\/pitchmark.com\\\/wp-content\\\/uploads\\\/2022\\\/11\\\/Pitchmark-Dark-Green-Oval.png\",\"contentUrl\":\"https:\\\/\\\/pitchmark.com\\\/wp-content\\\/uploads\\\/2022\\\/11\\\/Pitchmark-Dark-Green-Oval.png\",\"width\":1348,\"height\":522,\"caption\":\"Pitchmark\"},\"image\":{\"@id\":\"https:\\\/\\\/pitchmark.com\\\/fi\\\/#\\\/schema\\\/logo\\\/image\\\/\"},\"sameAs\":[\"https:\\\/\\\/www.facebook.com\\\/Linemarking\",\"https:\\\/\\\/x.com\\\/PitchmarkLtd\"]}]}<\/script>\n<!-- \/ Yoast SEO plugin. -->","yoast_head_json":{"title":"Rangaistusympyr\u00e4n merkint\u00e4 | Pitchmark","description":"Joustava kuminen ympyr\u00e4, jonka avulla voit merkit\u00e4 tarkat rangaistuspisteet jalkapallokentille viivamerkint\u00e4maalin tai aerosolin kanssa.","robots":{"index":"index","follow":"follow","max-snippet":"max-snippet:-1","max-image-preview":"max-image-preview:large","max-video-preview":"max-video-preview:-1"},"canonical":"https:\/\/pitchmark.com\/fi\/tuotteet\/tarvikkeet\/kenttatarvikkeet\/rangaistusympyran-merkinta\/","og_locale":"fi_FI","og_type":"article","og_title":"Rangaistusympyr\u00e4n merkint\u00e4 | Pitchmark","og_description":"Joustava kuminen ympyr\u00e4, jonka avulla voit merkit\u00e4 tarkat rangaistuspisteet jalkapallokentille viivamerkint\u00e4maalin tai aerosolin kanssa.","og_url":"https:\/\/pitchmark.com\/fi\/tuotteet\/tarvikkeet\/kenttatarvikkeet\/rangaistusympyran-merkinta\/","og_site_name":"Pitchmark","article_publisher":"https:\/\/www.facebook.com\/Linemarking","article_modified_time":"2023-07-18T13:41:56+00:00","og_image":[{"width":640,"height":640,"url":"https:\/\/pitchmark.com\/wp-content\/uploads\/2022\/08\/rubber-penalty-spot-marker-for-football-pitches.jpg","type":"image\/jpeg"}],"twitter_card":"summary_large_image","twitter_site":"@PitchmarkLtd","schema":{"@context":"https:\/\/schema.org","@graph":[{"@type":"WebPage","@id":"https:\/\/pitchmark.com\/fi\/tuotteet\/tarvikkeet\/kenttatarvikkeet\/rangaistusympyran-merkinta\/","url":"https:\/\/pitchmark.com\/fi\/tuotteet\/tarvikkeet\/kenttatarvikkeet\/rangaistusympyran-merkinta\/","name":"Rangaistusympyr\u00e4n merkint\u00e4 | Pitchmark","isPartOf":{"@id":"https:\/\/pitchmark.com\/fi\/#website"},"primaryImageOfPage":{"@id":"https:\/\/pitchmark.com\/fi\/tuotteet\/tarvikkeet\/kenttatarvikkeet\/rangaistusympyran-merkinta\/#primaryimage"},"image":{"@id":"https:\/\/pitchmark.com\/fi\/tuotteet\/tarvikkeet\/kenttatarvikkeet\/rangaistusympyran-merkinta\/#primaryimage"},"thumbnailUrl":"https:\/\/i0.wp.com\/pitchmark.com\/wp-content\/uploads\/2022\/08\/rubber-penalty-spot-marker-for-football-pitches.jpg?fit=640%2C640&ssl=1","datePublished":"2022-11-16T14:03:23+00:00","dateModified":"2023-07-18T13:41:56+00:00","description":"Joustava kuminen ympyr\u00e4, jonka avulla voit merkit\u00e4 tarkat rangaistuspisteet jalkapallokentille viivamerkint\u00e4maalin tai aerosolin kanssa.","breadcrumb":{"@id":"https:\/\/pitchmark.com\/fi\/tuotteet\/tarvikkeet\/kenttatarvikkeet\/rangaistusympyran-merkinta\/#breadcrumb"},"inLanguage":"fi","potentialAction":[{"@type":"ReadAction","target":["https:\/\/pitchmark.com\/fi\/tuotteet\/tarvikkeet\/kenttatarvikkeet\/rangaistusympyran-merkinta\/"]}]},{"@type":"ImageObject","inLanguage":"fi","@id":"https:\/\/pitchmark.com\/fi\/tuotteet\/tarvikkeet\/kenttatarvikkeet\/rangaistusympyran-merkinta\/#primaryimage","url":"https:\/\/i0.wp.com\/pitchmark.com\/wp-content\/uploads\/2022\/08\/rubber-penalty-spot-marker-for-football-pitches.jpg?fit=640%2C640&ssl=1","contentUrl":"https:\/\/i0.wp.com\/pitchmark.com\/wp-content\/uploads\/2022\/08\/rubber-penalty-spot-marker-for-football-pitches.jpg?fit=640%2C640&ssl=1","width":640,"height":640,"caption":"kumi-rangaistuspiste-merkint\u00e4 jalkapallokentille"},{"@type":"BreadcrumbList","@id":"https:\/\/pitchmark.com\/fi\/tuotteet\/tarvikkeet\/kenttatarvikkeet\/rangaistusympyran-merkinta\/#breadcrumb","itemListElement":[{"@type":"ListItem","position":1,"name":"Tuotteet","item":"https:\/\/pitchmark.com\/fi\/line-marking-products\/"},{"@type":"ListItem","position":2,"name":"Tarvikkeet","item":"https:\/\/pitchmark.com\/fi\/tuotteet\/tarvikkeet\/"},{"@type":"ListItem","position":3,"name":"Kentt\u00e4tarvikkeet","item":"https:\/\/pitchmark.com\/fi\/tuotteet\/tarvikkeet\/kenttatarvikkeet\/"},{"@type":"ListItem","position":4,"name":"Rangaistusympyr\u00e4n merkint\u00e4"}]},{"@type":"WebSite","@id":"https:\/\/pitchmark.com\/fi\/#website","url":"https:\/\/pitchmark.com\/fi\/","name":"Pitchmark","description":"The Future Of Line Marking","publisher":{"@id":"https:\/\/pitchmark.com\/fi\/#organization"},"potentialAction":[{"@type":"SearchAction","target":{"@type":"EntryPoint","urlTemplate":"https:\/\/pitchmark.com\/fi\/?s={search_term_string}"},"query-input":{"@type":"PropertyValueSpecification","valueRequired":true,"valueName":"search_term_string"}}],"inLanguage":"fi"},{"@type":"Organization","@id":"https:\/\/pitchmark.com\/fi\/#organization","name":"Pitchmark","url":"https:\/\/pitchmark.com\/fi\/","logo":{"@type":"ImageObject","inLanguage":"fi","@id":"https:\/\/pitchmark.com\/fi\/#\/schema\/logo\/image\/","url":"https:\/\/pitchmark.com\/wp-content\/uploads\/2022\/11\/Pitchmark-Dark-Green-Oval.png","contentUrl":"https:\/\/pitchmark.com\/wp-content\/uploads\/2022\/11\/Pitchmark-Dark-Green-Oval.png","width":1348,"height":522,"caption":"Pitchmark"},"image":{"@id":"https:\/\/pitchmark.com\/fi\/#\/schema\/logo\/image\/"},"sameAs":["https:\/\/www.facebook.com\/Linemarking","https:\/\/x.com\/PitchmarkLtd"]}]}},"jetpack_likes_enabled":false,"jetpack_sharing_enabled":true,"jetpack_shortlink":"https:\/\/wp.me\/PdSCqU-bdX","_links":{"self":[{"href":"https:\/\/pitchmark.com\/fi\/wp-json\/wp\/v2\/pages\/43149","targetHints":{"allow":["GET"]}}],"collection":[{"href":"https:\/\/pitchmark.com\/fi\/wp-json\/wp\/v2\/pages"}],"about":[{"href":"https:\/\/pitchmark.com\/fi\/wp-json\/wp\/v2\/types\/page"}],"author":[{"embeddable":true,"href":"https:\/\/pitchmark.com\/fi\/wp-json\/wp\/v2\/users\/219820763"}],"replies":[{"embeddable":true,"href":"https:\/\/pitchmark.com\/fi\/wp-json\/wp\/v2\/comments?post=43149"}],"version-history":[{"count":1,"href":"https:\/\/pitchmark.com\/fi\/wp-json\/wp\/v2\/pages\/43149\/revisions"}],"predecessor-version":[{"id":43165,"href":"https:\/\/pitchmark.com\/fi\/wp-json\/wp\/v2\/pages\/43149\/revisions\/43165"}],"up":[{"embeddable":true,"href":"https:\/\/pitchmark.com\/fi\/wp-json\/wp\/v2\/pages\/43406"}],"wp:featuredmedia":[{"embeddable":true,"href":"https:\/\/pitchmark.com\/fi\/wp-json\/wp\/v2\/media\/42605"}],"wp:attachment":[{"href":"https:\/\/pitchmark.com\/fi\/wp-json\/wp\/v2\/media?parent=43149"}],"curies":[{"name":"wp","href":"https:\/\/api.w.org\/{rel}","templated":true}]}}