{"id":45692,"date":"2022-11-16T14:51:57","date_gmt":"2022-11-16T14:51:57","guid":{"rendered":"https:\/\/pitchmark.com\/styrrulle\/"},"modified":"2023-07-18T14:41:21","modified_gmt":"2023-07-18T13:41:21","slug":"styrrulle","status":"publish","type":"page","link":"https:\/\/pitchmark.com\/sv\/produkter\/tillbehor\/tillbehor-for-falt\/styrrulle\/","title":{"rendered":"Styrrulle"},"content":{"rendered":"\t\t<div data-elementor-type=\"wp-page\" data-elementor-id=\"45692\" class=\"elementor elementor-45692 elementor-28496\" data-elementor-settings=\"{&quot;ha_cmc_init_switcher&quot;:&quot;no&quot;}\" data-elementor-post-type=\"page\">\n\t\t\t\t\t\t<section class=\"elementor-section elementor-top-section elementor-element elementor-element-2ae2292e elementor-section-content-middle elementor-section-boxed elementor-section-height-default elementor-section-height-default\" data-id=\"2ae2292e\" data-element_type=\"section\" data-e-type=\"section\" id=\"top\" data-settings=\"{&quot;background_background&quot;:&quot;classic&quot;,&quot;_ha_eqh_enable&quot;:false}\">\n\t\t\t\t\t\t<div class=\"elementor-container elementor-column-gap-no\">\n\t\t\t\t\t<div class=\"elementor-column elementor-col-50 elementor-top-column elementor-element elementor-element-3ee7ae26\" data-id=\"3ee7ae26\" data-element_type=\"column\" data-e-type=\"column\">\n\t\t\t<div class=\"elementor-widget-wrap elementor-element-populated\">\n\t\t\t\t\t\t<div class=\"elementor-element elementor-element-26fb8183 elementor-skin-carousel elementor-arrows-yes elementor-pagination-type-bullets elementor-pagination-position-outside elementor-widget elementor-widget-media-carousel\" data-id=\"26fb8183\" data-element_type=\"widget\" data-e-type=\"widget\" data-settings=\"{&quot;effect&quot;:&quot;fade&quot;,&quot;autoplay_speed&quot;:15000,&quot;skin&quot;:&quot;carousel&quot;,&quot;show_arrows&quot;:&quot;yes&quot;,&quot;pagination&quot;:&quot;bullets&quot;,&quot;speed&quot;:500,&quot;autoplay&quot;:&quot;yes&quot;,&quot;loop&quot;:&quot;yes&quot;,&quot;pause_on_hover&quot;:&quot;yes&quot;,&quot;pause_on_interaction&quot;:&quot;yes&quot;,&quot;space_between&quot;:{&quot;unit&quot;:&quot;px&quot;,&quot;size&quot;:10,&quot;sizes&quot;:[]},&quot;space_between_tablet&quot;:{&quot;unit&quot;:&quot;px&quot;,&quot;size&quot;:10,&quot;sizes&quot;:[]},&quot;space_between_mobile&quot;:{&quot;unit&quot;:&quot;px&quot;,&quot;size&quot;:10,&quot;sizes&quot;:[]}}\" data-widget_type=\"media-carousel.default\">\n\t\t\t\t<div class=\"elementor-widget-container\">\n\t\t\t\t\t\t\t\t\t<div class=\"elementor-swiper\">\n\t\t\t\t\t<div class=\"elementor-main-swiper swiper\" role=\"region\" aria-roledescription=\"carousel\" aria-label=\"Bildspel\">\n\t\t\t\t<div class=\"swiper-wrapper\">\n\t\t\t\t\t\t\t\t\t\t\t<div class=\"swiper-slide\" role=\"group\" aria-roledescription=\"slide\">\n\t\t\t\t\t\t\t\t\t<div class=\"elementor-carousel-image\" role=\"img\" aria-label=\"Rutland-Guide-Reel\" style=\"background-image: url(&#039;https:\/\/i0.wp.com\/pitchmark.com\/wp-content\/uploads\/2022\/08\/Rutland-Guide-Reel.jpg?fit=600%2C600&amp;ssl=1&#039;)\">\n\n\t\t\t\n\t\t\t\t\t<\/div>\n\t\t\t\t\t\t\t\t<\/div>\n\t\t\t\t\t\t\t\t\t<\/div>\n\t\t\t\t\t\t\t<\/div>\n\t\t\t\t<\/div>\n\t\t\t\t\t\t\t\t<\/div>\n\t\t\t\t<\/div>\n\t\t\t\t\t<\/div>\n\t\t<\/div>\n\t\t\t\t<div class=\"elementor-column elementor-col-50 elementor-top-column elementor-element elementor-element-580ddbd7\" data-id=\"580ddbd7\" data-element_type=\"column\" data-e-type=\"column\">\n\t\t\t<div class=\"elementor-widget-wrap elementor-element-populated\">\n\t\t\t\t\t\t<div class=\"elementor-element elementor-element-df53441 elementor-align-left elementor-mobile-align-center elementor-hidden-mobile elementor-widget elementor-widget-global elementor-global-46041 elementor-global-37296 elementor-widget-breadcrumbs\" data-id=\"df53441\" data-element_type=\"widget\" data-e-type=\"widget\" data-widget_type=\"breadcrumbs.default\">\n\t\t\t\t<div class=\"elementor-widget-container\">\n\t\t\t\t\t<p id=\"breadcrumbs\"><\/p>\t\t\t\t<\/div>\n\t\t\t\t<\/div>\n\t\t\t\t<div class=\"elementor-element elementor-element-2400d3eb elementor-widget elementor-widget-heading\" data-id=\"2400d3eb\" data-element_type=\"widget\" data-e-type=\"widget\" data-widget_type=\"heading.default\">\n\t\t\t\t<div class=\"elementor-widget-container\">\n\t\t\t\t\t<h1 class=\"elementor-heading-title elementor-size-default\">Styrrulle<\/h1>\t\t\t\t<\/div>\n\t\t\t\t<\/div>\n\t\t\t\t<div class=\"elementor-element elementor-element-14b4d701 elementor-widget elementor-widget-heading\" data-id=\"14b4d701\" data-element_type=\"widget\" data-e-type=\"widget\" data-widget_type=\"heading.default\">\n\t\t\t\t<div class=\"elementor-widget-container\">\n\t\t\t\t\t<h2 class=\"elementor-heading-title elementor-size-default\">Tillbeh\u00f6r f\u00f6r f\u00e4lt<\/h2>\t\t\t\t<\/div>\n\t\t\t\t<\/div>\n\t\t\t\t<div class=\"elementor-element elementor-element-cf9b8b5 elementor-widget elementor-widget-text-editor\" data-id=\"cf9b8b5\" data-element_type=\"widget\" data-e-type=\"widget\" data-widget_type=\"text-editor.default\">\n\t\t\t\t<div class=\"elementor-widget-container\">\n\t\t\t\t\t\t\t\t\t<p>Denna h\u00f6gkvalitativa Rutland Guide Reel \u00e4r perfekt f\u00f6r att sp\u00e4nna upp din pitch n\u00e4r den kombineras med 500 meter polywire.<\/p>\n<p>Den h\u00e4r robusta handh\u00e5llna rullen, som ursprungligen utformades f\u00f6r elst\u00e4ngsel, har ett gummigrepp och ett skruvg\u00e4ngat bromssystem och rymmer upp till 750 meter polywire eller sn\u00f6re.<\/p>\n\t\t\t\t\t\t\t\t<\/div>\n\t\t\t\t<\/div>\n\t\t\t\t<div class=\"elementor-element elementor-element-e32a5e0 elementor-align-left elementor-mobile-align-center elementor-tablet-align-center elementor-widget elementor-widget-button\" data-id=\"e32a5e0\" data-element_type=\"widget\" data-e-type=\"widget\" data-widget_type=\"button.default\">\n\t\t\t\t<div class=\"elementor-widget-container\">\n\t\t\t\t\t\t\t\t\t<div class=\"elementor-button-wrapper\">\n\t\t\t\t\t<a class=\"elementor-button elementor-button-link elementor-size-xl\" href=\"https:\/\/turfix.co.uk\/line-marking\/guide-reel\/\" target=\"_blank\">\n\t\t\t\t\t\t<span class=\"elementor-button-content-wrapper\">\n\t\t\t\t\t\t\t\t\t<span class=\"elementor-button-text\">K\u00f6p p\u00e5 Turfix<\/span>\n\t\t\t\t\t<\/span>\n\t\t\t\t\t<\/a>\n\t\t\t\t<\/div>\n\t\t\t\t\t\t\t\t<\/div>\n\t\t\t\t<\/div>\n\t\t\t\t\t<\/div>\n\t\t<\/div>\n\t\t\t\t\t<\/div>\n\t\t<\/section>\n\t\t\t\t<section class=\"elementor-section elementor-top-section elementor-element elementor-element-435e1253 elementor-section-content-middle elementor-section-height-min-height elementor-reverse-mobile elementor-section-boxed elementor-section-height-default elementor-section-items-middle\" data-id=\"435e1253\" data-element_type=\"section\" data-e-type=\"section\" data-settings=\"{&quot;background_background&quot;:&quot;classic&quot;,&quot;_ha_eqh_enable&quot;:false}\">\n\t\t\t\t\t\t<div class=\"elementor-container elementor-column-gap-no\">\n\t\t\t\t\t<div class=\"elementor-column elementor-col-50 elementor-top-column elementor-element elementor-element-aac5fe\" data-id=\"aac5fe\" data-element_type=\"column\" data-e-type=\"column\">\n\t\t\t<div class=\"elementor-widget-wrap elementor-element-populated\">\n\t\t\t\t\t\t<div class=\"elementor-element elementor-element-5cf77de8 elementor-widget elementor-widget-image\" data-id=\"5cf77de8\" data-element_type=\"widget\" data-e-type=\"widget\" data-settings=\"{&quot;_animation&quot;:&quot;none&quot;}\" data-widget_type=\"image.default\">\n\t\t\t\t<div class=\"elementor-widget-container\">\n\t\t\t\t\t\t\t\t\t\t\t\t\t\t\t<img decoding=\"async\" src=\"https:\/\/pitchmark.com\/wp-content\/uploads\/2022\/11\/Combination-Product-2.svg\" title=\"\" alt=\"Combination-Product\" loading=\"lazy\" \/>\t\t\t\t\t\t\t\t\t\t\t\t\t\t\t<\/div>\n\t\t\t\t<\/div>\n\t\t\t\t\t<\/div>\n\t\t<\/div>\n\t\t\t\t<div class=\"elementor-column elementor-col-50 elementor-top-column elementor-element elementor-element-373c6407\" data-id=\"373c6407\" data-element_type=\"column\" data-e-type=\"column\">\n\t\t\t<div class=\"elementor-widget-wrap elementor-element-populated\">\n\t\t\t\t\t\t<div class=\"elementor-element elementor-element-3169e2ae elementor-widget elementor-widget-heading\" data-id=\"3169e2ae\" data-element_type=\"widget\" data-e-type=\"widget\" data-widget_type=\"heading.default\">\n\t\t\t\t<div class=\"elementor-widget-container\">\n\t\t\t\t\t<h4 class=\"elementor-heading-title elementor-size-default\">Kombinerad produkt<\/h4>\t\t\t\t<\/div>\n\t\t\t\t<\/div>\n\t\t\t\t<div class=\"elementor-element elementor-element-27357d16 elementor-widget elementor-widget-text-editor\" data-id=\"27357d16\" data-element_type=\"widget\" data-e-type=\"widget\" data-widget_type=\"text-editor.default\">\n\t\t\t\t<div class=\"elementor-widget-container\">\n\t\t\t\t\t\t\t\t\t<p>Kombinerat med v\u00e5r <strong>Polywire<\/strong> och <strong>Pegs<\/strong> hj\u00e4lper detta paket dig att enkelt markera spelplaner. Alternativt kan du prova en av v\u00e5ra <strong>Grassroots<\/strong>&nbsp;eller&nbsp;<strong>Professionella markeringskit<\/strong> f\u00f6r att f\u00e5 alla tillbeh\u00f6r som beh\u00f6vs f\u00f6r att markera en spelplan, i en snygg och prydlig v\u00e4ska.<\/p>\n\t\t\t\t\t\t\t\t<\/div>\n\t\t\t\t<\/div>\n\t\t\t\t\t<\/div>\n\t\t<\/div>\n\t\t\t\t\t<\/div>\n\t\t<\/section>\n\t\t\t\t<section class=\"elementor-section elementor-top-section elementor-element elementor-element-1a78b00 elementor-section-boxed elementor-section-height-default elementor-section-height-default\" data-id=\"1a78b00\" data-element_type=\"section\" data-e-type=\"section\" data-settings=\"{&quot;_ha_eqh_enable&quot;:false}\">\n\t\t\t\t\t\t<div class=\"elementor-container elementor-column-gap-default\">\n\t\t\t\t\t<div class=\"elementor-column elementor-col-100 elementor-top-column elementor-element elementor-element-c984ab7\" data-id=\"c984ab7\" data-element_type=\"column\" data-e-type=\"column\">\n\t\t\t<div class=\"elementor-widget-wrap elementor-element-populated\">\n\t\t\t\t\t\t<div class=\"elementor-element elementor-element-d6d8cef elementor-align-right elementor-mobile-align-center elementor-widget elementor-widget-global elementor-global-45942 elementor-global-30774 elementor-widget-button\" data-id=\"d6d8cef\" data-element_type=\"widget\" data-e-type=\"widget\" data-settings=\"{&quot;sticky&quot;:&quot;bottom&quot;,&quot;sticky_on&quot;:[&quot;desktop&quot;,&quot;tablet&quot;,&quot;mobile&quot;],&quot;sticky_offset&quot;:0,&quot;sticky_effects_offset&quot;:0,&quot;sticky_anchor_link_offset&quot;:0}\" data-widget_type=\"button.default\">\n\t\t\t\t<div class=\"elementor-widget-container\">\n\t\t\t\t\t\t\t\t\t<div class=\"elementor-button-wrapper\">\n\t\t\t\t\t<a class=\"elementor-button elementor-button-link elementor-size-sm\" href=\"#topp\">\n\t\t\t\t\t\t<span class=\"elementor-button-content-wrapper\">\n\t\t\t\t\t\t<span class=\"elementor-button-icon\">\n\t\t\t\t<svg aria-hidden=\"true\" class=\"e-font-icon-svg e-far-arrow-alt-circle-up\" viewBox=\"0 0 512 512\" xmlns=\"http:\/\/www.w3.org\/2000\/svg\"><path d=\"M256 504c137 0 248-111 248-248S393 8 256 8 8 119 8 256s111 248 248 248zm0-448c110.5 0 200 89.5 200 200s-89.5 200-200 200S56 366.5 56 256 145.5 56 256 56zm20 328h-40c-6.6 0-12-5.4-12-12V256h-67c-10.7 0-16-12.9-8.5-20.5l99-99c4.7-4.7 12.3-4.7 17 0l99 99c7.6 7.6 2.2 20.5-8.5 20.5h-67v116c0 6.6-5.4 12-12 12z\"><\/path><\/svg>\t\t\t<\/span>\n\t\t\t\t\t\t\t\t\t<span class=\"elementor-button-text\">Tillbaka till toppen<\/span>\n\t\t\t\t\t<\/span>\n\t\t\t\t\t<\/a>\n\t\t\t\t<\/div>\n\t\t\t\t\t\t\t\t<\/div>\n\t\t\t\t<\/div>\n\t\t\t\t\t<\/div>\n\t\t<\/div>\n\t\t\t\t\t<\/div>\n\t\t<\/section>\n\t\t\t\t<\/div>\n\t\t","protected":false},"excerpt":{"rendered":"<p>Styrrulle Tillbeh\u00f6r f\u00f6r f\u00e4lt Denna h\u00f6gkvalitativa Rutland Guide Reel \u00e4r perfekt f\u00f6r att sp\u00e4nna upp din pitch n\u00e4r den kombineras med 500 meter polywire. Den h\u00e4r robusta handh\u00e5llna rullen, som ursprungligen utformades f\u00f6r elst\u00e4ngsel, har ett gummigrepp och ett skruvg\u00e4ngat bromssystem och rymmer upp till 750 meter polywire eller sn\u00f6re. K\u00f6p p\u00e5 Turfix Kombinerad produkt [&hellip;]<\/p>\n","protected":false},"author":219820763,"featured_media":44314,"parent":45816,"menu_order":0,"comment_status":"closed","ping_status":"closed","template":"","meta":{"site-sidebar-layout":"no-sidebar","site-content-layout":"page-builder","ast-site-content-layout":"default","site-content-style":"default","site-sidebar-style":"default","ast-global-header-display":"","ast-banner-title-visibility":"","ast-main-header-display":"","ast-hfb-above-header-display":"","ast-hfb-below-header-display":"","ast-hfb-mobile-header-display":"","site-post-title":"disabled","ast-breadcrumbs-content":"","ast-featured-img":"disabled","footer-sml-layout":"","ast-disable-related-posts":"","theme-transparent-header-meta":"","adv-header-id-meta":"","stick-header-meta":"","header-above-stick-meta":"","header-main-stick-meta":"","header-below-stick-meta":"","astra-migrate-meta-layouts":"default","ast-page-background-enabled":"default","ast-page-background-meta":{"desktop":{"background-color":"var(--ast-global-color-4)","background-image":"","background-repeat":"repeat","background-position":"center center","background-size":"auto","background-attachment":"scroll","background-type":"","background-media":"","overlay-type":"","overlay-color":"","overlay-opacity":"","overlay-gradient":""},"tablet":{"background-color":"","background-image":"","background-repeat":"repeat","background-position":"center center","background-size":"auto","background-attachment":"scroll","background-type":"","background-media":"","overlay-type":"","overlay-color":"","overlay-opacity":"","overlay-gradient":""},"mobile":{"background-color":"","background-image":"","background-repeat":"repeat","background-position":"center center","background-size":"auto","background-attachment":"scroll","background-type":"","background-media":"","overlay-type":"","overlay-color":"","overlay-opacity":"","overlay-gradient":""}},"ast-content-background-meta":{"desktop":{"background-color":"var(--ast-global-color-5)","background-image":"","background-repeat":"repeat","background-position":"center center","background-size":"auto","background-attachment":"scroll","background-type":"","background-media":"","overlay-type":"","overlay-color":"","overlay-opacity":"","overlay-gradient":""},"tablet":{"background-color":"var(--ast-global-color-5)","background-image":"","background-repeat":"repeat","background-position":"center center","background-size":"auto","background-attachment":"scroll","background-type":"","background-media":"","overlay-type":"","overlay-color":"","overlay-opacity":"","overlay-gradient":""},"mobile":{"background-color":"var(--ast-global-color-5)","background-image":"","background-repeat":"repeat","background-position":"center center","background-size":"auto","background-attachment":"scroll","background-type":"","background-media":"","overlay-type":"","overlay-color":"","overlay-opacity":"","overlay-gradient":""}},"jetpack_post_was_ever_published":false,"footnotes":""},"class_list":["post-45692","page","type-page","status-publish","has-post-thumbnail","hentry"],"yoast_head":"<!-- This site is optimized with the Yoast SEO plugin v27.3 - https:\/\/yoast.com\/product\/yoast-seo-wordpress\/ -->\n<title>Styrrulle | Pitchmark<\/title>\n<meta name=\"description\" content=\"Denna h\u00f6gkvalitativa Rutland Guide Reel \u00e4r perfekt f\u00f6r att sp\u00e4nna upp din pitch n\u00e4r den kombineras med 500 meter polywire.\" \/>\n<meta name=\"robots\" content=\"index, follow, max-snippet:-1, max-image-preview:large, max-video-preview:-1\" \/>\n<link rel=\"canonical\" href=\"https:\/\/pitchmark.com\/sv\/produkter\/tillbehor\/tillbehor-for-falt\/styrrulle\/\" \/>\n<meta property=\"og:locale\" content=\"sv_SE\" \/>\n<meta property=\"og:type\" content=\"article\" \/>\n<meta property=\"og:title\" content=\"Styrrulle | Pitchmark\" \/>\n<meta property=\"og:description\" content=\"Denna h\u00f6gkvalitativa Rutland Guide Reel \u00e4r perfekt f\u00f6r att sp\u00e4nna upp din pitch n\u00e4r den kombineras med 500 meter polywire.\" \/>\n<meta property=\"og:url\" content=\"https:\/\/pitchmark.com\/sv\/produkter\/tillbehor\/tillbehor-for-falt\/styrrulle\/\" \/>\n<meta property=\"og:site_name\" content=\"Pitchmark\" \/>\n<meta property=\"article:publisher\" content=\"https:\/\/www.facebook.com\/Linemarking\" \/>\n<meta property=\"article:modified_time\" content=\"2023-07-18T13:41:21+00:00\" \/>\n<meta property=\"og:image\" content=\"https:\/\/pitchmark.com\/wp-content\/uploads\/2022\/08\/Rutland-Guide-Reel.jpg\" \/>\n\t<meta property=\"og:image:width\" content=\"600\" \/>\n\t<meta property=\"og:image:height\" content=\"600\" \/>\n\t<meta property=\"og:image:type\" content=\"image\/jpeg\" \/>\n<meta name=\"twitter:card\" content=\"summary_large_image\" \/>\n<meta name=\"twitter:site\" content=\"@PitchmarkLtd\" \/>\n<meta name=\"twitter:label1\" content=\"Ber\u00e4knad l\u00e4stid\" \/>\n\t<meta name=\"twitter:data1\" content=\"1 minut\" \/>\n<script type=\"application\/ld+json\" class=\"yoast-schema-graph\">{\"@context\":\"https:\\\/\\\/schema.org\",\"@graph\":[{\"@type\":\"WebPage\",\"@id\":\"https:\\\/\\\/pitchmark.com\\\/sv\\\/produkter\\\/tillbehor\\\/tillbehor-for-falt\\\/styrrulle\\\/\",\"url\":\"https:\\\/\\\/pitchmark.com\\\/sv\\\/produkter\\\/tillbehor\\\/tillbehor-for-falt\\\/styrrulle\\\/\",\"name\":\"Styrrulle | Pitchmark\",\"isPartOf\":{\"@id\":\"https:\\\/\\\/pitchmark.com\\\/sv\\\/#website\"},\"primaryImageOfPage\":{\"@id\":\"https:\\\/\\\/pitchmark.com\\\/sv\\\/produkter\\\/tillbehor\\\/tillbehor-for-falt\\\/styrrulle\\\/#primaryimage\"},\"image\":{\"@id\":\"https:\\\/\\\/pitchmark.com\\\/sv\\\/produkter\\\/tillbehor\\\/tillbehor-for-falt\\\/styrrulle\\\/#primaryimage\"},\"thumbnailUrl\":\"https:\\\/\\\/i0.wp.com\\\/pitchmark.com\\\/wp-content\\\/uploads\\\/2022\\\/08\\\/Rutland-Guide-Reel.jpg?fit=600%2C600&ssl=1\",\"datePublished\":\"2022-11-16T14:51:57+00:00\",\"dateModified\":\"2023-07-18T13:41:21+00:00\",\"description\":\"Denna h\u00f6gkvalitativa Rutland Guide Reel \u00e4r perfekt f\u00f6r att sp\u00e4nna upp din pitch n\u00e4r den kombineras med 500 meter polywire.\",\"inLanguage\":\"sv-SE\",\"potentialAction\":[{\"@type\":\"ReadAction\",\"target\":[\"https:\\\/\\\/pitchmark.com\\\/sv\\\/produkter\\\/tillbehor\\\/tillbehor-for-falt\\\/styrrulle\\\/\"]}]},{\"@type\":\"ImageObject\",\"inLanguage\":\"sv-SE\",\"@id\":\"https:\\\/\\\/pitchmark.com\\\/sv\\\/produkter\\\/tillbehor\\\/tillbehor-for-falt\\\/styrrulle\\\/#primaryimage\",\"url\":\"https:\\\/\\\/i0.wp.com\\\/pitchmark.com\\\/wp-content\\\/uploads\\\/2022\\\/08\\\/Rutland-Guide-Reel.jpg?fit=600%2C600&ssl=1\",\"contentUrl\":\"https:\\\/\\\/i0.wp.com\\\/pitchmark.com\\\/wp-content\\\/uploads\\\/2022\\\/08\\\/Rutland-Guide-Reel.jpg?fit=600%2C600&ssl=1\",\"width\":600,\"height\":600,\"caption\":\"Rutland-Guide-Reel\"},{\"@type\":\"WebSite\",\"@id\":\"https:\\\/\\\/pitchmark.com\\\/sv\\\/#website\",\"url\":\"https:\\\/\\\/pitchmark.com\\\/sv\\\/\",\"name\":\"Pitchmark\",\"description\":\"The Future Of Line Marking\",\"publisher\":{\"@id\":\"https:\\\/\\\/pitchmark.com\\\/sv\\\/#organization\"},\"potentialAction\":[{\"@type\":\"SearchAction\",\"target\":{\"@type\":\"EntryPoint\",\"urlTemplate\":\"https:\\\/\\\/pitchmark.com\\\/sv\\\/?s={search_term_string}\"},\"query-input\":{\"@type\":\"PropertyValueSpecification\",\"valueRequired\":true,\"valueName\":\"search_term_string\"}}],\"inLanguage\":\"sv-SE\"},{\"@type\":\"Organization\",\"@id\":\"https:\\\/\\\/pitchmark.com\\\/sv\\\/#organization\",\"name\":\"Pitchmark\",\"url\":\"https:\\\/\\\/pitchmark.com\\\/sv\\\/\",\"logo\":{\"@type\":\"ImageObject\",\"inLanguage\":\"sv-SE\",\"@id\":\"https:\\\/\\\/pitchmark.com\\\/sv\\\/#\\\/schema\\\/logo\\\/image\\\/\",\"url\":\"https:\\\/\\\/pitchmark.com\\\/wp-content\\\/uploads\\\/2022\\\/11\\\/Pitchmark-Dark-Green-Oval.png\",\"contentUrl\":\"https:\\\/\\\/pitchmark.com\\\/wp-content\\\/uploads\\\/2022\\\/11\\\/Pitchmark-Dark-Green-Oval.png\",\"width\":1348,\"height\":522,\"caption\":\"Pitchmark\"},\"image\":{\"@id\":\"https:\\\/\\\/pitchmark.com\\\/sv\\\/#\\\/schema\\\/logo\\\/image\\\/\"},\"sameAs\":[\"https:\\\/\\\/www.facebook.com\\\/Linemarking\",\"https:\\\/\\\/x.com\\\/PitchmarkLtd\"]}]}<\/script>\n<!-- \/ Yoast SEO plugin. -->","yoast_head_json":{"title":"Styrrulle | Pitchmark","description":"Denna h\u00f6gkvalitativa Rutland Guide Reel \u00e4r perfekt f\u00f6r att sp\u00e4nna upp din pitch n\u00e4r den kombineras med 500 meter polywire.","robots":{"index":"index","follow":"follow","max-snippet":"max-snippet:-1","max-image-preview":"max-image-preview:large","max-video-preview":"max-video-preview:-1"},"canonical":"https:\/\/pitchmark.com\/sv\/produkter\/tillbehor\/tillbehor-for-falt\/styrrulle\/","og_locale":"sv_SE","og_type":"article","og_title":"Styrrulle | Pitchmark","og_description":"Denna h\u00f6gkvalitativa Rutland Guide Reel \u00e4r perfekt f\u00f6r att sp\u00e4nna upp din pitch n\u00e4r den kombineras med 500 meter polywire.","og_url":"https:\/\/pitchmark.com\/sv\/produkter\/tillbehor\/tillbehor-for-falt\/styrrulle\/","og_site_name":"Pitchmark","article_publisher":"https:\/\/www.facebook.com\/Linemarking","article_modified_time":"2023-07-18T13:41:21+00:00","og_image":[{"width":600,"height":600,"url":"https:\/\/pitchmark.com\/wp-content\/uploads\/2022\/08\/Rutland-Guide-Reel.jpg","type":"image\/jpeg"}],"twitter_card":"summary_large_image","twitter_site":"@PitchmarkLtd","twitter_misc":{"Ber\u00e4knad l\u00e4stid":"1 minut"},"schema":{"@context":"https:\/\/schema.org","@graph":[{"@type":"WebPage","@id":"https:\/\/pitchmark.com\/sv\/produkter\/tillbehor\/tillbehor-for-falt\/styrrulle\/","url":"https:\/\/pitchmark.com\/sv\/produkter\/tillbehor\/tillbehor-for-falt\/styrrulle\/","name":"Styrrulle | Pitchmark","isPartOf":{"@id":"https:\/\/pitchmark.com\/sv\/#website"},"primaryImageOfPage":{"@id":"https:\/\/pitchmark.com\/sv\/produkter\/tillbehor\/tillbehor-for-falt\/styrrulle\/#primaryimage"},"image":{"@id":"https:\/\/pitchmark.com\/sv\/produkter\/tillbehor\/tillbehor-for-falt\/styrrulle\/#primaryimage"},"thumbnailUrl":"https:\/\/i0.wp.com\/pitchmark.com\/wp-content\/uploads\/2022\/08\/Rutland-Guide-Reel.jpg?fit=600%2C600&ssl=1","datePublished":"2022-11-16T14:51:57+00:00","dateModified":"2023-07-18T13:41:21+00:00","description":"Denna h\u00f6gkvalitativa Rutland Guide Reel \u00e4r perfekt f\u00f6r att sp\u00e4nna upp din pitch n\u00e4r den kombineras med 500 meter polywire.","inLanguage":"sv-SE","potentialAction":[{"@type":"ReadAction","target":["https:\/\/pitchmark.com\/sv\/produkter\/tillbehor\/tillbehor-for-falt\/styrrulle\/"]}]},{"@type":"ImageObject","inLanguage":"sv-SE","@id":"https:\/\/pitchmark.com\/sv\/produkter\/tillbehor\/tillbehor-for-falt\/styrrulle\/#primaryimage","url":"https:\/\/i0.wp.com\/pitchmark.com\/wp-content\/uploads\/2022\/08\/Rutland-Guide-Reel.jpg?fit=600%2C600&ssl=1","contentUrl":"https:\/\/i0.wp.com\/pitchmark.com\/wp-content\/uploads\/2022\/08\/Rutland-Guide-Reel.jpg?fit=600%2C600&ssl=1","width":600,"height":600,"caption":"Rutland-Guide-Reel"},{"@type":"WebSite","@id":"https:\/\/pitchmark.com\/sv\/#website","url":"https:\/\/pitchmark.com\/sv\/","name":"Pitchmark","description":"The Future Of Line Marking","publisher":{"@id":"https:\/\/pitchmark.com\/sv\/#organization"},"potentialAction":[{"@type":"SearchAction","target":{"@type":"EntryPoint","urlTemplate":"https:\/\/pitchmark.com\/sv\/?s={search_term_string}"},"query-input":{"@type":"PropertyValueSpecification","valueRequired":true,"valueName":"search_term_string"}}],"inLanguage":"sv-SE"},{"@type":"Organization","@id":"https:\/\/pitchmark.com\/sv\/#organization","name":"Pitchmark","url":"https:\/\/pitchmark.com\/sv\/","logo":{"@type":"ImageObject","inLanguage":"sv-SE","@id":"https:\/\/pitchmark.com\/sv\/#\/schema\/logo\/image\/","url":"https:\/\/pitchmark.com\/wp-content\/uploads\/2022\/11\/Pitchmark-Dark-Green-Oval.png","contentUrl":"https:\/\/pitchmark.com\/wp-content\/uploads\/2022\/11\/Pitchmark-Dark-Green-Oval.png","width":1348,"height":522,"caption":"Pitchmark"},"image":{"@id":"https:\/\/pitchmark.com\/sv\/#\/schema\/logo\/image\/"},"sameAs":["https:\/\/www.facebook.com\/Linemarking","https:\/\/x.com\/PitchmarkLtd"]}]}},"jetpack_likes_enabled":false,"jetpack_sharing_enabled":true,"jetpack_shortlink":"https:\/\/wp.me\/PdSCqU-bSY","_links":{"self":[{"href":"https:\/\/pitchmark.com\/sv\/wp-json\/wp\/v2\/pages\/45692","targetHints":{"allow":["GET"]}}],"collection":[{"href":"https:\/\/pitchmark.com\/sv\/wp-json\/wp\/v2\/pages"}],"about":[{"href":"https:\/\/pitchmark.com\/sv\/wp-json\/wp\/v2\/types\/page"}],"author":[{"embeddable":true,"href":"https:\/\/pitchmark.com\/sv\/wp-json\/wp\/v2\/users\/219820763"}],"replies":[{"embeddable":true,"href":"https:\/\/pitchmark.com\/sv\/wp-json\/wp\/v2\/comments?post=45692"}],"version-history":[{"count":1,"href":"https:\/\/pitchmark.com\/sv\/wp-json\/wp\/v2\/pages\/45692\/revisions"}],"predecessor-version":[{"id":45700,"href":"https:\/\/pitchmark.com\/sv\/wp-json\/wp\/v2\/pages\/45692\/revisions\/45700"}],"up":[{"embeddable":true,"href":"https:\/\/pitchmark.com\/sv\/wp-json\/wp\/v2\/pages\/45816"}],"wp:featuredmedia":[{"embeddable":true,"href":"https:\/\/pitchmark.com\/sv\/wp-json\/wp\/v2\/media\/44314"}],"wp:attachment":[{"href":"https:\/\/pitchmark.com\/sv\/wp-json\/wp\/v2\/media?parent=45692"}],"curies":[{"name":"wp","href":"https:\/\/api.w.org\/{rel}","templated":true}]}}