{"id":48297,"date":"2023-09-04T15:16:56","date_gmt":"2023-09-04T14:16:56","guid":{"rendered":"https:\/\/pitchmark.com\/felsokning\/"},"modified":"2024-07-11T15:47:44","modified_gmt":"2024-07-11T14:47:44","slug":"felsokning","status":"publish","type":"page","link":"https:\/\/pitchmark.com\/sv\/felsokning\/","title":{"rendered":"Fels\u00f6kning"},"content":{"rendered":"\t\t<div data-elementor-type=\"wp-page\" data-elementor-id=\"48297\" class=\"elementor elementor-48297 elementor-48282\" data-elementor-settings=\"{&quot;ha_cmc_init_switcher&quot;:&quot;no&quot;}\" data-elementor-post-type=\"page\">\n\t\t\t\t\t\t<section class=\"elementor-section elementor-top-section elementor-element elementor-element-21e16779 elementor-section-boxed elementor-section-height-default elementor-section-height-default\" data-id=\"21e16779\" data-element_type=\"section\" data-e-type=\"section\" id=\"top\" data-settings=\"{&quot;_ha_eqh_enable&quot;:false}\">\n\t\t\t\t\t\t<div class=\"elementor-container elementor-column-gap-default\">\n\t\t\t\t\t<div class=\"elementor-column elementor-col-100 elementor-top-column elementor-element elementor-element-66d5423d\" data-id=\"66d5423d\" data-element_type=\"column\" data-e-type=\"column\">\n\t\t\t<div class=\"elementor-widget-wrap elementor-element-populated\">\n\t\t\t\t\t\t<div class=\"elementor-element elementor-element-ff28c3 elementor-widget elementor-widget-heading\" data-id=\"ff28c3\" data-element_type=\"widget\" data-e-type=\"widget\" data-widget_type=\"heading.default\">\n\t\t\t\t<div class=\"elementor-widget-container\">\n\t\t\t\t\t<h1 class=\"elementor-heading-title elementor-size-default\">Fels\u00f6kning<\/h1>\t\t\t\t<\/div>\n\t\t\t\t<\/div>\n\t\t\t\t<div class=\"elementor-element elementor-element-53e066e1 elementor-widget-divider--view-line elementor-widget elementor-widget-divider\" data-id=\"53e066e1\" data-element_type=\"widget\" data-e-type=\"widget\" data-widget_type=\"divider.default\">\n\t\t\t\t<div class=\"elementor-widget-container\">\n\t\t\t\t\t\t\t<div class=\"elementor-divider\">\n\t\t\t<span class=\"elementor-divider-separator\">\n\t\t\t\t\t\t<\/span>\n\t\t<\/div>\n\t\t\t\t\t\t<\/div>\n\t\t\t\t<\/div>\n\t\t\t\t<div class=\"elementor-element elementor-element-4df2289b elementor-widget elementor-widget-heading\" data-id=\"4df2289b\" data-element_type=\"widget\" data-e-type=\"widget\" data-widget_type=\"heading.default\">\n\t\t\t\t<div class=\"elementor-widget-container\">\n\t\t\t\t\t<h2 class=\"elementor-heading-title elementor-size-default\">Fels\u00f6kning p\u00e5 sprutmaskin<\/h2>\t\t\t\t<\/div>\n\t\t\t\t<\/div>\n\t\t\t\t<div class=\"elementor-element elementor-element-3a153543 elementor-widget elementor-widget-text-editor\" data-id=\"3a153543\" data-element_type=\"widget\" data-e-type=\"widget\" data-widget_type=\"text-editor.default\">\n\t\t\t\t<div class=\"elementor-widget-container\">\n\t\t\t\t\t\t\t\t\t<p>P\u00e5 Pitchmark f\u00f6rst\u00e5r vi vikten av precision och tillf\u00f6rlitlighet n\u00e4r det g\u00e4ller linjem\u00e4rkningsmaskiner. Men som med all mekanisk utrustning kan det ibland uppst\u00e5 problem som kan st\u00f6ra din linjemarkeringsverksamhet. D\u00e4rf\u00f6r har vi skapat denna omfattande fels\u00f6kningsguide som hj\u00e4lper dig att snabbt diagnostisera och l\u00f6sa vanliga problem med din linjem\u00e4rkningsmaskin. Oavsett om du har problem med f\u00e4rgfl\u00f6det, igensatta munstycken eller andra prestandarelaterade problem kan v\u00e5ra fels\u00f6kningstips hj\u00e4lpa dig att f\u00e5 tillbaka din linjem\u00e4rkningsmaskin i optimalt skick.<\/p>\n\t\t\t\t\t\t\t\t<\/div>\n\t\t\t\t<\/div>\n\t\t\t\t<div class=\"elementor-element elementor-element-6f38c42 elementor-widget elementor-widget-html\" data-id=\"6f38c42\" data-element_type=\"widget\" data-e-type=\"widget\" data-widget_type=\"html.default\">\n\t\t\t\t<div class=\"elementor-widget-container\">\n\t\t\t\t\t<div style=\"position:relative;padding-top:max(60%,326px);height:0;width:100%\"><iframe allow=\"clipboard-write\" sandbox=\"allow-top-navigation allow-top-navigation-by-user-activation allow-downloads allow-scripts allow-same-origin allow-popups allow-modals allow-popups-to-escape-sandbox allow-forms\" allowfullscreen=\"true\" style=\"position:absolute;border:none;width:100%;height:100%;left:0;right:0;top:0;bottom:0;\" src=\"https:\/\/e.issuu.com\/embed.html?backgroundColor=%2321532b&amp;backgroundColorFullscreen=%2321532b&amp;d=troubleshooting-spray-machines-2023&amp;hideIssuuLogo=true&amp;hideShareButton=true&amp;pageLayout=singlePage&amp;u=pitchmarkltd\"><\/iframe><\/div>\t\t\t\t<\/div>\n\t\t\t\t<\/div>\n\t\t\t\t\t<\/div>\n\t\t<\/div>\n\t\t\t\t\t<\/div>\n\t\t<\/section>\n\t\t\t\t<section class=\"elementor-section elementor-top-section elementor-element elementor-element-41f07d6 elementor-section-boxed elementor-section-height-default elementor-section-height-default\" data-id=\"41f07d6\" data-element_type=\"section\" data-e-type=\"section\" data-settings=\"{&quot;_ha_eqh_enable&quot;:false}\">\n\t\t\t\t\t\t<div class=\"elementor-container elementor-column-gap-default\">\n\t\t\t\t\t<div class=\"elementor-column elementor-col-100 elementor-top-column elementor-element elementor-element-9e783fe\" data-id=\"9e783fe\" data-element_type=\"column\" data-e-type=\"column\">\n\t\t\t<div class=\"elementor-widget-wrap elementor-element-populated\">\n\t\t\t\t\t\t<div class=\"elementor-element elementor-element-d836900 elementor-widget-divider--view-line elementor-widget elementor-widget-divider\" data-id=\"d836900\" data-element_type=\"widget\" data-e-type=\"widget\" data-widget_type=\"divider.default\">\n\t\t\t\t<div class=\"elementor-widget-container\">\n\t\t\t\t\t\t\t<div class=\"elementor-divider\">\n\t\t\t<span class=\"elementor-divider-separator\">\n\t\t\t\t\t\t<\/span>\n\t\t<\/div>\n\t\t\t\t\t\t<\/div>\n\t\t\t\t<\/div>\n\t\t\t\t<div class=\"elementor-element elementor-element-094ce29 elementor-widget elementor-widget-heading\" data-id=\"094ce29\" data-element_type=\"widget\" data-e-type=\"widget\" data-widget_type=\"heading.default\">\n\t\t\t\t<div class=\"elementor-widget-container\">\n\t\t\t\t\t<h2 class=\"elementor-heading-title elementor-size-default\">Kontakta oss<\/h2>\t\t\t\t<\/div>\n\t\t\t\t<\/div>\n\t\t\t\t<div class=\"elementor-element elementor-element-aced1ef elementor-widget elementor-widget-text-editor\" data-id=\"aced1ef\" data-element_type=\"widget\" data-e-type=\"widget\" data-widget_type=\"text-editor.default\">\n\t\t\t\t<div class=\"elementor-widget-container\">\n\t\t\t\t\t\t\t\t\t<div class=\"elementor-element elementor-element-ecbc18a elementor-widget elementor-widget-text-editor\" data-id=\"ecbc18a\" data-element_type=\"widget\" data-widget_type=\"text-editor.default\">\n<div class=\"elementor-widget-container\">\n<p>V\u00e5ra experter p\u00e5 linjemarkering finns alltid till hands f\u00f6r att hj\u00e4lpa till! S\u00e5 tveka inte att h\u00f6ra av dig s\u00e5 hj\u00e4lper vi dig g\u00e4rna om du har n\u00e5gra fr\u00e5gor.  <\/p>\n<\/div>\n<\/div>\n\t\t\t\t\t\t\t\t<\/div>\n\t\t\t\t<\/div>\n\t\t\t\t<div class=\"elementor-element elementor-element-871cc04 elementor-widget elementor-widget-text-editor\" data-id=\"871cc04\" data-element_type=\"widget\" data-e-type=\"widget\" data-widget_type=\"text-editor.default\">\n\t\t\t\t<div class=\"elementor-widget-container\">\n\t\t\t\t\t\t\t\t\t<p><strong>Tfn:<\/strong> +44 (0)1454 776666<\/p>\n<p><strong>E-post:<\/strong> sales@pitchmark.com<\/p>\n\t\t\t\t\t\t\t\t<\/div>\n\t\t\t\t<\/div>\n\t\t\t\t<div class=\"elementor-element elementor-element-758d60b elementor-shape-circle e-grid-align-left e-grid-align-mobile-center elementor-grid-mobile-1 e-grid-align-tablet-center elementor-grid-0 elementor-widget elementor-widget-social-icons\" data-id=\"758d60b\" data-element_type=\"widget\" data-e-type=\"widget\" data-widget_type=\"social-icons.default\">\n\t\t\t\t<div class=\"elementor-widget-container\">\n\t\t\t\t\t\t\t<div class=\"elementor-social-icons-wrapper elementor-grid\" role=\"list\">\n\t\t\t\t\t\t\t<span class=\"elementor-grid-item\" role=\"listitem\">\n\t\t\t\t\t<a class=\"elementor-icon elementor-social-icon elementor-social-icon-instagram elementor-repeater-item-5e3d796\" href=\"https:\/\/www.instagram.com\/pitchmark_linemarking\/\" target=\"_blank\">\n\t\t\t\t\t\t<span class=\"elementor-screen-only\">Instagram<\/span>\n\t\t\t\t\t\t<svg aria-hidden=\"true\" class=\"e-font-icon-svg e-fab-instagram\" viewBox=\"0 0 448 512\" xmlns=\"http:\/\/www.w3.org\/2000\/svg\"><path d=\"M224.1 141c-63.6 0-114.9 51.3-114.9 114.9s51.3 114.9 114.9 114.9S339 319.5 339 255.9 287.7 141 224.1 141zm0 189.6c-41.1 0-74.7-33.5-74.7-74.7s33.5-74.7 74.7-74.7 74.7 33.5 74.7 74.7-33.6 74.7-74.7 74.7zm146.4-194.3c0 14.9-12 26.8-26.8 26.8-14.9 0-26.8-12-26.8-26.8s12-26.8 26.8-26.8 26.8 12 26.8 26.8zm76.1 27.2c-1.7-35.9-9.9-67.7-36.2-93.9-26.2-26.2-58-34.4-93.9-36.2-37-2.1-147.9-2.1-184.9 0-35.8 1.7-67.6 9.9-93.9 36.1s-34.4 58-36.2 93.9c-2.1 37-2.1 147.9 0 184.9 1.7 35.9 9.9 67.7 36.2 93.9s58 34.4 93.9 36.2c37 2.1 147.9 2.1 184.9 0 35.9-1.7 67.7-9.9 93.9-36.2 26.2-26.2 34.4-58 36.2-93.9 2.1-37 2.1-147.8 0-184.8zM398.8 388c-7.8 19.6-22.9 34.7-42.6 42.6-29.5 11.7-99.5 9-132.1 9s-102.7 2.6-132.1-9c-19.6-7.8-34.7-22.9-42.6-42.6-11.7-29.5-9-99.5-9-132.1s-2.6-102.7 9-132.1c7.8-19.6 22.9-34.7 42.6-42.6 29.5-11.7 99.5-9 132.1-9s102.7-2.6 132.1 9c19.6 7.8 34.7 22.9 42.6 42.6 11.7 29.5 9 99.5 9 132.1s2.7 102.7-9 132.1z\"><\/path><\/svg>\t\t\t\t\t<\/a>\n\t\t\t\t<\/span>\n\t\t\t\t\t\t\t<span class=\"elementor-grid-item\" role=\"listitem\">\n\t\t\t\t\t<a class=\"elementor-icon elementor-social-icon elementor-social-icon-facebook-f elementor-repeater-item-6fb5456\" href=\"https:\/\/www.facebook.com\/Linemarking\" target=\"_blank\">\n\t\t\t\t\t\t<span class=\"elementor-screen-only\">Facebook-f<\/span>\n\t\t\t\t\t\t<svg aria-hidden=\"true\" class=\"e-font-icon-svg e-fab-facebook-f\" viewBox=\"0 0 320 512\" xmlns=\"http:\/\/www.w3.org\/2000\/svg\"><path d=\"M279.14 288l14.22-92.66h-88.91v-60.13c0-25.35 12.42-50.06 52.24-50.06h40.42V6.26S260.43 0 225.36 0c-73.22 0-121.08 44.38-121.08 124.72v70.62H22.89V288h81.39v224h100.17V288z\"><\/path><\/svg>\t\t\t\t\t<\/a>\n\t\t\t\t<\/span>\n\t\t\t\t\t\t\t<span class=\"elementor-grid-item\" role=\"listitem\">\n\t\t\t\t\t<a class=\"elementor-icon elementor-social-icon elementor-social-icon-twitter elementor-repeater-item-d3eb4b3\" href=\"https:\/\/twitter.com\/PitchmarkLtd\" target=\"_blank\">\n\t\t\t\t\t\t<span class=\"elementor-screen-only\">Twitter<\/span>\n\t\t\t\t\t\t<svg aria-hidden=\"true\" class=\"e-font-icon-svg e-fab-twitter\" viewBox=\"0 0 512 512\" xmlns=\"http:\/\/www.w3.org\/2000\/svg\"><path d=\"M459.37 151.716c.325 4.548.325 9.097.325 13.645 0 138.72-105.583 298.558-298.558 298.558-59.452 0-114.68-17.219-161.137-47.106 8.447.974 16.568 1.299 25.34 1.299 49.055 0 94.213-16.568 130.274-44.832-46.132-.975-84.792-31.188-98.112-72.772 6.498.974 12.995 1.624 19.818 1.624 9.421 0 18.843-1.3 27.614-3.573-48.081-9.747-84.143-51.98-84.143-102.985v-1.299c13.969 7.797 30.214 12.67 47.431 13.319-28.264-18.843-46.781-51.005-46.781-87.391 0-19.492 5.197-37.36 14.294-52.954 51.655 63.675 129.3 105.258 216.365 109.807-1.624-7.797-2.599-15.918-2.599-24.04 0-57.828 46.782-104.934 104.934-104.934 30.213 0 57.502 12.67 76.67 33.137 23.715-4.548 46.456-13.32 66.599-25.34-7.798 24.366-24.366 44.833-46.132 57.827 21.117-2.273 41.584-8.122 60.426-16.243-14.292 20.791-32.161 39.308-52.628 54.253z\"><\/path><\/svg>\t\t\t\t\t<\/a>\n\t\t\t\t<\/span>\n\t\t\t\t\t\t\t<span class=\"elementor-grid-item\" role=\"listitem\">\n\t\t\t\t\t<a class=\"elementor-icon elementor-social-icon elementor-social-icon-youtube elementor-repeater-item-bd98890\" href=\"https:\/\/www.youtube.com\/channel\/UCUr8F1x2_H7PFXfo3gfWzgg\" target=\"_blank\">\n\t\t\t\t\t\t<span class=\"elementor-screen-only\">Youtube<\/span>\n\t\t\t\t\t\t<svg aria-hidden=\"true\" class=\"e-font-icon-svg e-fab-youtube\" viewBox=\"0 0 576 512\" xmlns=\"http:\/\/www.w3.org\/2000\/svg\"><path d=\"M549.655 124.083c-6.281-23.65-24.787-42.276-48.284-48.597C458.781 64 288 64 288 64S117.22 64 74.629 75.486c-23.497 6.322-42.003 24.947-48.284 48.597-11.412 42.867-11.412 132.305-11.412 132.305s0 89.438 11.412 132.305c6.281 23.65 24.787 41.5 48.284 47.821C117.22 448 288 448 288 448s170.78 0 213.371-11.486c23.497-6.321 42.003-24.171 48.284-47.821 11.412-42.867 11.412-132.305 11.412-132.305s0-89.438-11.412-132.305zm-317.51 213.508V175.185l142.739 81.205-142.739 81.201z\"><\/path><\/svg>\t\t\t\t\t<\/a>\n\t\t\t\t<\/span>\n\t\t\t\t\t\t\t<span class=\"elementor-grid-item\" role=\"listitem\">\n\t\t\t\t\t<a class=\"elementor-icon elementor-social-icon elementor-social-icon-linkedin elementor-repeater-item-bdfa756\" href=\"https:\/\/www.linkedin.com\/company\/pitchmark-ltd\/\" target=\"_blank\">\n\t\t\t\t\t\t<span class=\"elementor-screen-only\">Linkedin<\/span>\n\t\t\t\t\t\t<svg aria-hidden=\"true\" class=\"e-font-icon-svg e-fab-linkedin\" viewBox=\"0 0 448 512\" xmlns=\"http:\/\/www.w3.org\/2000\/svg\"><path d=\"M416 32H31.9C14.3 32 0 46.5 0 64.3v383.4C0 465.5 14.3 480 31.9 480H416c17.6 0 32-14.5 32-32.3V64.3c0-17.8-14.4-32.3-32-32.3zM135.4 416H69V202.2h66.5V416zm-33.2-243c-21.3 0-38.5-17.3-38.5-38.5S80.9 96 102.2 96c21.2 0 38.5 17.3 38.5 38.5 0 21.3-17.2 38.5-38.5 38.5zm282.1 243h-66.4V312c0-24.8-.5-56.7-34.5-56.7-34.6 0-39.9 27-39.9 54.9V416h-66.4V202.2h63.7v29.2h.9c8.9-16.8 30.6-34.5 62.9-34.5 67.2 0 79.7 44.3 79.7 101.9V416z\"><\/path><\/svg>\t\t\t\t\t<\/a>\n\t\t\t\t<\/span>\n\t\t\t\t\t<\/div>\n\t\t\t\t\t\t<\/div>\n\t\t\t\t<\/div>\n\t\t\t\t\t<\/div>\n\t\t<\/div>\n\t\t\t\t\t<\/div>\n\t\t<\/section>\n\t\t\t\t<\/div>\n\t\t","protected":false},"excerpt":{"rendered":"<p>Fels\u00f6kning Fels\u00f6kning p\u00e5 sprutmaskin P\u00e5 Pitchmark f\u00f6rst\u00e5r vi vikten av precision och tillf\u00f6rlitlighet n\u00e4r det g\u00e4ller linjem\u00e4rkningsmaskiner. Men som med all mekanisk utrustning kan det ibland uppst\u00e5 problem som kan st\u00f6ra din linjemarkeringsverksamhet. D\u00e4rf\u00f6r har vi skapat denna omfattande fels\u00f6kningsguide som hj\u00e4lper dig att snabbt diagnostisera och l\u00f6sa vanliga problem med din linjem\u00e4rkningsmaskin. Oavsett om [&hellip;]<\/p>\n","protected":false},"author":219820766,"featured_media":0,"parent":0,"menu_order":0,"comment_status":"closed","ping_status":"closed","template":"","meta":{"site-sidebar-layout":"no-sidebar","site-content-layout":"page-builder","ast-site-content-layout":"full-width-container","site-content-style":"default","site-sidebar-style":"default","ast-global-header-display":"","ast-banner-title-visibility":"","ast-main-header-display":"","ast-hfb-above-header-display":"","ast-hfb-below-header-display":"","ast-hfb-mobile-header-display":"","site-post-title":"disabled","ast-breadcrumbs-content":"","ast-featured-img":"disabled","footer-sml-layout":"","ast-disable-related-posts":"","theme-transparent-header-meta":"","adv-header-id-meta":"","stick-header-meta":"","header-above-stick-meta":"","header-main-stick-meta":"","header-below-stick-meta":"","astra-migrate-meta-layouts":"default","ast-page-background-enabled":"default","ast-page-background-meta":{"desktop":{"background-color":"var(--ast-global-color-4)","background-image":"","background-repeat":"repeat","background-position":"center center","background-size":"auto","background-attachment":"scroll","background-type":"","background-media":"","overlay-type":"","overlay-color":"","overlay-opacity":"","overlay-gradient":""},"tablet":{"background-color":"","background-image":"","background-repeat":"repeat","background-position":"center center","background-size":"auto","background-attachment":"scroll","background-type":"","background-media":"","overlay-type":"","overlay-color":"","overlay-opacity":"","overlay-gradient":""},"mobile":{"background-color":"","background-image":"","background-repeat":"repeat","background-position":"center center","background-size":"auto","background-attachment":"scroll","background-type":"","background-media":"","overlay-type":"","overlay-color":"","overlay-opacity":"","overlay-gradient":""}},"ast-content-background-meta":{"desktop":{"background-color":"var(--ast-global-color-5)","background-image":"","background-repeat":"repeat","background-position":"center center","background-size":"auto","background-attachment":"scroll","background-type":"","background-media":"","overlay-type":"","overlay-color":"","overlay-opacity":"","overlay-gradient":""},"tablet":{"background-color":"var(--ast-global-color-5)","background-image":"","background-repeat":"repeat","background-position":"center center","background-size":"auto","background-attachment":"scroll","background-type":"","background-media":"","overlay-type":"","overlay-color":"","overlay-opacity":"","overlay-gradient":""},"mobile":{"background-color":"var(--ast-global-color-5)","background-image":"","background-repeat":"repeat","background-position":"center center","background-size":"auto","background-attachment":"scroll","background-type":"","background-media":"","overlay-type":"","overlay-color":"","overlay-opacity":"","overlay-gradient":""}},"jetpack_post_was_ever_published":false,"footnotes":""},"class_list":["post-48297","page","type-page","status-publish","hentry"],"yoast_head":"<!-- This site is optimized with the Yoast SEO plugin v27.3 - https:\/\/yoast.com\/product\/yoast-seo-wordpress\/ -->\n<title>Fels\u00f6kning | Pitchmark<\/title>\n<meta name=\"robots\" content=\"index, follow, max-snippet:-1, max-image-preview:large, max-video-preview:-1\" \/>\n<link rel=\"canonical\" href=\"https:\/\/pitchmark.com\/sv\/felsokning\/\" \/>\n<meta property=\"og:locale\" content=\"sv_SE\" \/>\n<meta property=\"og:type\" content=\"article\" \/>\n<meta property=\"og:title\" content=\"Fels\u00f6kning | Pitchmark\" \/>\n<meta property=\"og:description\" content=\"Fels\u00f6kning Fels\u00f6kning p\u00e5 sprutmaskin P\u00e5 Pitchmark f\u00f6rst\u00e5r vi vikten av precision och tillf\u00f6rlitlighet n\u00e4r det g\u00e4ller linjem\u00e4rkningsmaskiner. Men som med all mekanisk utrustning kan det ibland uppst\u00e5 problem som kan st\u00f6ra din linjemarkeringsverksamhet. D\u00e4rf\u00f6r har vi skapat denna omfattande fels\u00f6kningsguide som hj\u00e4lper dig att snabbt diagnostisera och l\u00f6sa vanliga problem med din linjem\u00e4rkningsmaskin. Oavsett om [&hellip;]\" \/>\n<meta property=\"og:url\" content=\"https:\/\/pitchmark.com\/sv\/felsokning\/\" \/>\n<meta property=\"og:site_name\" content=\"Pitchmark\" \/>\n<meta property=\"article:publisher\" content=\"https:\/\/www.facebook.com\/Linemarking\" \/>\n<meta property=\"article:modified_time\" content=\"2024-07-11T14:47:44+00:00\" \/>\n<meta name=\"twitter:card\" content=\"summary_large_image\" \/>\n<meta name=\"twitter:site\" content=\"@PitchmarkLtd\" \/>\n<meta name=\"twitter:label1\" content=\"Ber\u00e4knad l\u00e4stid\" \/>\n\t<meta name=\"twitter:data1\" content=\"1 minut\" \/>\n<script type=\"application\/ld+json\" class=\"yoast-schema-graph\">{\"@context\":\"https:\\\/\\\/schema.org\",\"@graph\":[{\"@type\":\"WebPage\",\"@id\":\"https:\\\/\\\/pitchmark.com\\\/sv\\\/felsokning\\\/\",\"url\":\"https:\\\/\\\/pitchmark.com\\\/sv\\\/felsokning\\\/\",\"name\":\"Fels\u00f6kning | Pitchmark\",\"isPartOf\":{\"@id\":\"https:\\\/\\\/pitchmark.com\\\/sv\\\/#website\"},\"datePublished\":\"2023-09-04T14:16:56+00:00\",\"dateModified\":\"2024-07-11T14:47:44+00:00\",\"inLanguage\":\"sv-SE\",\"potentialAction\":[{\"@type\":\"ReadAction\",\"target\":[\"https:\\\/\\\/pitchmark.com\\\/sv\\\/felsokning\\\/\"]}]},{\"@type\":\"WebSite\",\"@id\":\"https:\\\/\\\/pitchmark.com\\\/sv\\\/#website\",\"url\":\"https:\\\/\\\/pitchmark.com\\\/sv\\\/\",\"name\":\"Pitchmark\",\"description\":\"The Future Of Line Marking\",\"publisher\":{\"@id\":\"https:\\\/\\\/pitchmark.com\\\/sv\\\/#organization\"},\"potentialAction\":[{\"@type\":\"SearchAction\",\"target\":{\"@type\":\"EntryPoint\",\"urlTemplate\":\"https:\\\/\\\/pitchmark.com\\\/sv\\\/?s={search_term_string}\"},\"query-input\":{\"@type\":\"PropertyValueSpecification\",\"valueRequired\":true,\"valueName\":\"search_term_string\"}}],\"inLanguage\":\"sv-SE\"},{\"@type\":\"Organization\",\"@id\":\"https:\\\/\\\/pitchmark.com\\\/sv\\\/#organization\",\"name\":\"Pitchmark\",\"url\":\"https:\\\/\\\/pitchmark.com\\\/sv\\\/\",\"logo\":{\"@type\":\"ImageObject\",\"inLanguage\":\"sv-SE\",\"@id\":\"https:\\\/\\\/pitchmark.com\\\/sv\\\/#\\\/schema\\\/logo\\\/image\\\/\",\"url\":\"https:\\\/\\\/pitchmark.com\\\/wp-content\\\/uploads\\\/2022\\\/11\\\/Pitchmark-Dark-Green-Oval.png\",\"contentUrl\":\"https:\\\/\\\/pitchmark.com\\\/wp-content\\\/uploads\\\/2022\\\/11\\\/Pitchmark-Dark-Green-Oval.png\",\"width\":1348,\"height\":522,\"caption\":\"Pitchmark\"},\"image\":{\"@id\":\"https:\\\/\\\/pitchmark.com\\\/sv\\\/#\\\/schema\\\/logo\\\/image\\\/\"},\"sameAs\":[\"https:\\\/\\\/www.facebook.com\\\/Linemarking\",\"https:\\\/\\\/x.com\\\/PitchmarkLtd\"]}]}<\/script>\n<!-- \/ Yoast SEO plugin. -->","yoast_head_json":{"title":"Fels\u00f6kning | Pitchmark","robots":{"index":"index","follow":"follow","max-snippet":"max-snippet:-1","max-image-preview":"max-image-preview:large","max-video-preview":"max-video-preview:-1"},"canonical":"https:\/\/pitchmark.com\/sv\/felsokning\/","og_locale":"sv_SE","og_type":"article","og_title":"Fels\u00f6kning | Pitchmark","og_description":"Fels\u00f6kning Fels\u00f6kning p\u00e5 sprutmaskin P\u00e5 Pitchmark f\u00f6rst\u00e5r vi vikten av precision och tillf\u00f6rlitlighet n\u00e4r det g\u00e4ller linjem\u00e4rkningsmaskiner. Men som med all mekanisk utrustning kan det ibland uppst\u00e5 problem som kan st\u00f6ra din linjemarkeringsverksamhet. D\u00e4rf\u00f6r har vi skapat denna omfattande fels\u00f6kningsguide som hj\u00e4lper dig att snabbt diagnostisera och l\u00f6sa vanliga problem med din linjem\u00e4rkningsmaskin. Oavsett om [&hellip;]","og_url":"https:\/\/pitchmark.com\/sv\/felsokning\/","og_site_name":"Pitchmark","article_publisher":"https:\/\/www.facebook.com\/Linemarking","article_modified_time":"2024-07-11T14:47:44+00:00","twitter_card":"summary_large_image","twitter_site":"@PitchmarkLtd","twitter_misc":{"Ber\u00e4knad l\u00e4stid":"1 minut"},"schema":{"@context":"https:\/\/schema.org","@graph":[{"@type":"WebPage","@id":"https:\/\/pitchmark.com\/sv\/felsokning\/","url":"https:\/\/pitchmark.com\/sv\/felsokning\/","name":"Fels\u00f6kning | Pitchmark","isPartOf":{"@id":"https:\/\/pitchmark.com\/sv\/#website"},"datePublished":"2023-09-04T14:16:56+00:00","dateModified":"2024-07-11T14:47:44+00:00","inLanguage":"sv-SE","potentialAction":[{"@type":"ReadAction","target":["https:\/\/pitchmark.com\/sv\/felsokning\/"]}]},{"@type":"WebSite","@id":"https:\/\/pitchmark.com\/sv\/#website","url":"https:\/\/pitchmark.com\/sv\/","name":"Pitchmark","description":"The Future Of Line Marking","publisher":{"@id":"https:\/\/pitchmark.com\/sv\/#organization"},"potentialAction":[{"@type":"SearchAction","target":{"@type":"EntryPoint","urlTemplate":"https:\/\/pitchmark.com\/sv\/?s={search_term_string}"},"query-input":{"@type":"PropertyValueSpecification","valueRequired":true,"valueName":"search_term_string"}}],"inLanguage":"sv-SE"},{"@type":"Organization","@id":"https:\/\/pitchmark.com\/sv\/#organization","name":"Pitchmark","url":"https:\/\/pitchmark.com\/sv\/","logo":{"@type":"ImageObject","inLanguage":"sv-SE","@id":"https:\/\/pitchmark.com\/sv\/#\/schema\/logo\/image\/","url":"https:\/\/pitchmark.com\/wp-content\/uploads\/2022\/11\/Pitchmark-Dark-Green-Oval.png","contentUrl":"https:\/\/pitchmark.com\/wp-content\/uploads\/2022\/11\/Pitchmark-Dark-Green-Oval.png","width":1348,"height":522,"caption":"Pitchmark"},"image":{"@id":"https:\/\/pitchmark.com\/sv\/#\/schema\/logo\/image\/"},"sameAs":["https:\/\/www.facebook.com\/Linemarking","https:\/\/x.com\/PitchmarkLtd"]}]}},"jetpack_likes_enabled":false,"jetpack_sharing_enabled":true,"jetpack_shortlink":"https:\/\/wp.me\/PdSCqU-cyZ","_links":{"self":[{"href":"https:\/\/pitchmark.com\/sv\/wp-json\/wp\/v2\/pages\/48297","targetHints":{"allow":["GET"]}}],"collection":[{"href":"https:\/\/pitchmark.com\/sv\/wp-json\/wp\/v2\/pages"}],"about":[{"href":"https:\/\/pitchmark.com\/sv\/wp-json\/wp\/v2\/types\/page"}],"author":[{"embeddable":true,"href":"https:\/\/pitchmark.com\/sv\/wp-json\/wp\/v2\/users\/219820766"}],"replies":[{"embeddable":true,"href":"https:\/\/pitchmark.com\/sv\/wp-json\/wp\/v2\/comments?post=48297"}],"version-history":[{"count":1,"href":"https:\/\/pitchmark.com\/sv\/wp-json\/wp\/v2\/pages\/48297\/revisions"}],"predecessor-version":[{"id":48317,"href":"https:\/\/pitchmark.com\/sv\/wp-json\/wp\/v2\/pages\/48297\/revisions\/48317"}],"wp:attachment":[{"href":"https:\/\/pitchmark.com\/sv\/wp-json\/wp\/v2\/media?parent=48297"}],"curies":[{"name":"wp","href":"https:\/\/api.w.org\/{rel}","templated":true}]}}